{"id":1126,"date":"2012-03-01T08:29:41","date_gmt":"2012-03-01T07:29:41","guid":{"rendered":"http:\/\/www.vs-haimburg.ksn.at\/?page_id=1126"},"modified":"2020-03-14T13:18:22","modified_gmt":"2020-03-14T12:18:22","slug":"1126-2","status":"publish","type":"page","link":"https:\/\/vs-haimburg.ksn.at\/?page_id=1126","title":{"rendered":"Hilfe f\u00fcr Eltern"},"content":{"rendered":"<p><!--StartFragment--><\/p>\n<p><!--StartFragment--><\/p>\n<table style=\"border-collapse: collapse; width: 100%;\">\n<tbody>\n<tr>\n<td style=\"width: 100%;\">Bei Problemen finden Sie unter anderem unter folgenden Adressen Hilfe:<\/td>\n<\/tr>\n<tr>\n<td style=\"width: 100%; text-align: left; vertical-align: top;\" scope=\"row\">\n<div class=\"inner-wrap\">\n<div id=\"primary\">\n<div id=\"content\" class=\"clearfix\">\n<article id=\"post-164\" class=\"post-164 page type-page status-publish hentry\">\n<div class=\"entry-content clearfix\">\n<div class=\"entry-content clearfix\">\n<p><a href=\"https:\/\/www.bildung-ktn.gv.at\/\" target=\"_blank\" rel=\"noopener noreferrer\">Bildungsdirektion K\u00e4rnten<\/a><a href=\"https:\/\/www.schule.at\/schulfuehrer\/kaernten\/voelkermarkt\/detail\/bezirksschulrat-voelkermarkt.html\" target=\"_blank\" rel=\"noopener noreferrer\"><br \/><\/a><a href=\"https:\/\/www.bildung-ktn.gv.at\/service\/Schulpsychologie-Kaernten.html\" target=\"_blank\" rel=\"noopener noreferrer\">Schulpsychologische Bildungsberatung K\u00e4rnten<br \/><\/a><a href=\"http:\/\/www.30fragen.com\/\" target=\"_blank\" rel=\"noopener noreferrer\">Lese- Rechtschreibschw\u00e4che<br \/><\/a><a href=\"http:\/\/www.schulpsychologie.at\/lernen-leistung\/rechenschwaeche\/\" target=\"_blank\" rel=\"noopener noreferrer\">Rechenschw\u00e4che<\/a><a href=\"http:\/\/www.30fragen.com\/\" target=\"_blank\" rel=\"noopener noreferrer\"><br \/><\/a><a href=\"https:\/\/www.sonderpaed.at\/bbf\/\" target=\"_blank\" rel=\"noopener noreferrer\">Begabtenf\u00f6rderung<\/a><a href=\"http:\/\/www.30fragen.com\/\" target=\"_blank\" rel=\"noopener noreferrer\"><br \/><\/a><a href=\"http:\/\/deaf.uni-klu.ac.at\/deaf\/bildung_und_schule\/kindergarten\/avs\/avs_aeh.shtml\" target=\"_blank\" rel=\"noopener noreferrer\">Erziehungshilfe<\/a><a href=\"http:\/\/www.30fragen.com\/\" target=\"_blank\" rel=\"noopener noreferrer\"><br \/><\/a><a href=\"http:\/\/flexikon.doccheck.com\/de\/Aufmerksamkeitsdefizit-Hyperaktivit%C3%A4tssyndrom\" target=\"_blank\" rel=\"noopener noreferrer\">Aufmerksamkeitsdefizit-Hyperaktivit\u00e4tssyndrom<br \/><\/a><a href=\"http:\/\/www.kisz-ktn.at\/\" target=\"_blank\" rel=\"noopener noreferrer\">Elternberatung<\/a><a href=\"http:\/\/www.30fragen.com\/\" target=\"_blank\" rel=\"noopener noreferrer\"><br \/><\/a><a href=\"http:\/\/www.eltern-bildung.at\/\" target=\"_blank\" rel=\"noopener noreferrer\">Elternbildung<\/a><a href=\"http:\/\/www.30fragen.com\/\" target=\"_blank\" rel=\"noopener noreferrer\"><br \/><\/a><a href=\"http:\/\/www.bmukk.gv.at\/\" target=\"_blank\" rel=\"noopener noreferrer\">Bundesministerium f\u00fcr Bildung, Wissenschaft und Forschung<\/a><\/p>\n<\/div>\n<\/div>\n<\/article>\n<\/div>\n<\/div>\n<\/div>\n<\/td>\n<\/tr>\n<\/tbody>\n<\/table>\n<p><!--EndFragment--><\/p>\n","protected":false},"excerpt":{"rendered":"<p>Bei Problemen finden Sie unter anderem unter folgenden Adressen Hilfe: Bildungsdirektion K\u00e4rntenSchulpsychologische Bildungsberatung K\u00e4rntenLese- Rechtschreibschw\u00e4cheRechenschw\u00e4cheBegabtenf\u00f6rderungErziehungshilfeAufmerksamkeitsdefizit-Hyperaktivit\u00e4tssyndromElternberatungElternbildungBundesministerium f\u00fcr Bildung, Wissenschaft und Forschung<\/p>\n","protected":false},"author":1000,"featured_media":0,"parent":0,"menu_order":0,"comment_status":"closed","ping_status":"closed","template":"sidebar-page.php","meta":[],"_links":{"self":[{"href":"https:\/\/vs-haimburg.ksn.at\/index.php?rest_route=\/wp\/v2\/pages\/1126"}],"collection":[{"href":"https:\/\/vs-haimburg.ksn.at\/index.php?rest_route=\/wp\/v2\/pages"}],"about":[{"href":"https:\/\/vs-haimburg.ksn.at\/index.php?rest_route=\/wp\/v2\/types\/page"}],"author":[{"embeddable":true,"href":"https:\/\/vs-haimburg.ksn.at\/index.php?rest_route=\/wp\/v2\/users\/1000"}],"replies":[{"embeddable":true,"href":"https:\/\/vs-haimburg.ksn.at\/index.php?rest_route=%2Fwp%2Fv2%2Fcomments&post=1126"}],"version-history":[{"count":21,"href":"https:\/\/vs-haimburg.ksn.at\/index.php?rest_route=\/wp\/v2\/pages\/1126\/revisions"}],"predecessor-version":[{"id":3774,"href":"https:\/\/vs-haimburg.ksn.at\/index.php?rest_route=\/wp\/v2\/pages\/1126\/revisions\/3774"}],"wp:attachment":[{"href":"https:\/\/vs-haimburg.ksn.at\/index.php?rest_route=%2Fwp%2Fv2%2Fmedia&parent=1126"}],"curies":[{"name":"wp","href":"https:\/\/api.w.org\/{rel}","templated":true}]}}