{"id":1135,"date":"2012-03-01T08:45:25","date_gmt":"2012-03-01T07:45:25","guid":{"rendered":"http:\/\/www.vs-haimburg.ksn.at\/?page_id=1135"},"modified":"2024-09-16T10:04:32","modified_gmt":"2024-09-16T08:04:32","slug":"arbeitsmaterialien","status":"publish","type":"page","link":"https:\/\/vs-haimburg.ksn.at\/?page_id=1135","title":{"rendered":"Arbeitsmaterialien"},"content":{"rendered":"\n<table style=\"border-collapse: collapse; width: 100%;\">\n<thead>\n<tr>\n<td style=\"width: 50%;\">\n<div class=\"ezcol ezcol-one-half\">\n<p><strong>Deutsch<\/strong><\/p>\n<p><a href=\"http:\/\/vs-material.wegerer.at\/deutsch\/d.htm\" target=\"_blank\" rel=\"noopener noreferrer\">Wegerer \u2013 Materialien<\/a><\/p>\n<p><a href=\"http:\/\/www.unterrichtsmaterial-schule.de\/unterrichtsmaterial1.shtml\" target=\"_blank\" rel=\"noopener noreferrer\">Rechtschreiben \/ Grammatik<\/a><\/p>\n<p><a href=\"http:\/\/www.mittelschulvorbereitung.ch\/\" target=\"_blank\" rel=\"noopener noreferrer\">4. Schulstufe<\/a> 1<\/p>\n<p><a href=\"https:\/\/www.schule-bw.de\/faecher-und-schularten\/schularten\/grundschule\/projekte-medienbildung\/hexen\/deutsch.htm\" target=\"_blank\" rel=\"noopener noreferrer\">Deutsch-Arbeitsmaterialien<\/a><\/p>\n<p><a href=\"http:\/\/www.4teachers.de\/?action=show&amp;id=41\" target=\"_blank\" rel=\"noopener noreferrer\">4teachers<\/a><\/p>\n<p><a href=\"http:\/\/www.rossipotti.de\/inhalt\/literaturlexikon.html\" target=\"_blank\" rel=\"noopener noreferrer\">Literaturlexikon Rossipotti<\/a><\/p>\n<p><a href=\"http:\/\/www.legakids.net\/\" target=\"_blank\" rel=\"noopener noreferrer\">Alles \u00fcber Legasthenie<\/a><\/p>\n<p><a href=\"https:\/\/www.lehrer-online.de\/unterricht\/grundschule\/sprache\/lesen-und-schreiben\/unterrichtseinheit\/ue\/internet-abc-mein-lieblingsbuch-rezensieren\/\" target=\"_blank\" rel=\"noopener noreferrer\">Internet-ABC: Mein Lieblingsbuch<\/a><\/p>\n<p><a href=\"https:\/\/www.schule.at\/portale\/volksschule\/faecher\/deutsch\/lesen\/weiterfuehrendes-lesen\/maerchen.html\" target=\"_blank\" rel=\"noopener noreferrer\">Projekte mit M\u00e4rchen<\/a><\/p>\n<p><strong>Mathematik<\/strong><\/p>\n<p><a href=\"http:\/\/vs-material.wegerer.at\/mathe\/m.htm\" target=\"_blank\" rel=\"noopener noreferrer\">Wegerer \u2013 Materialien<\/a><\/p>\n<p><a href=\"http:\/\/www.pabst-software.de\/doku.php\/programme:rechenblatt:start\" target=\"_blank\" rel=\"noopener noreferrer\">Rechenblatt<\/a><\/p>\n<p><a href=\"http:\/\/www.arbeitsblatt-profi.de\/index.php?id=40\" target=\"_blank\" rel=\"noopener noreferrer\">Arbeitsblatt-Profi<\/a><\/p>\n<p><a href=\"http:\/\/www.hsbg.at\/mathe\/masze\/\" target=\"_blank\" rel=\"noopener noreferrer\">Ma\u00dfreihen<\/a><\/p>\n<p><a href=\"http:\/\/www.unterrichtsmaterial-schule.de\/unterrichtsmaterialm.shtml\" target=\"_blank\" rel=\"noopener noreferrer\">Arbeitsmaterialien<\/a><\/p>\n<p>&nbsp;<\/p>\n<p><a href=\"https:\/\/www.saferinternet.at\/\" target=\"_blank\" rel=\"noopener noreferrer\">Kein Kind ohne Digitale <\/a><br><a href=\"http:\/\/www.saferinternet.at\/news\/news-detail\/article\/neue-broschuere-kein-kind-ohne-digitale-kompetenzen-392\/\" target=\"_blank\" rel=\"noopener noreferrer\">Kompetenzen<\/a><\/p>\n<p><a href=\"http:\/\/www.klick-tipps.net\/\" target=\"_blank\" rel=\"noopener noreferrer\">F\u00fcr Surfanf\u00e4nger<\/a><\/p>\n<\/div>\n<\/td>\n<td style=\"width: 50%; vertical-align: top;\">\n<div class=\"ezcol ezcol-one-half ezcol-last\">\n<p><strong>Sachunterricht<\/strong><\/p>\n<p><a href=\"http:\/\/vs-material.wegerer.at\/sachkunde\/su.htm\" target=\"_blank\" rel=\"noopener noreferrer\">Wegerer \u2013 Materialien<\/a><\/p>\n<p><a href=\"https:\/\/onlinestreet.de\/241644-die-grundschuldatenbank\" target=\"_blank\" rel=\"noopener noreferrer\">Grundschul-Datenbank<\/a><\/p>\n<p><a href=\"http:\/\/materials.lehrerweb.at\/sachunterricht\/raum.html\" target=\"_blank\" rel=\"noopener noreferrer\">LehrerInnenweb<\/a><\/p>\n<p><a href=\"http:\/\/www.lehrer-online.de\/natur-und-umwelt.php?sid=72289853606851102933061616161160\" target=\"_blank\" rel=\"noopener noreferrer\">Natur und Umwelt<\/a><\/p>\n<p><a href=\"https:\/\/www.dguv-lug.de\/primarstufe\/gesunde-ernaehrung\/gesundes-fruehstueck\/?tx_dguvlug_lowebcode%5Baction%5D=&amp;tx_dguvlug_lowebcode%5Bcontroller%5D=Webcode&amp;cHash=20b3e45c3e11893ae3e7a15faa758db2\" target=\"_blank\" rel=\"noopener noreferrer\">Gesundes Fr\u00fchst\u00fcck \u2013 Gesunde Jause<\/a><\/p>\n<p><a href=\"http:\/\/www.durchblick-filme.de\/fruehling\/6.15.2_AB_Loesung_Blumen_bez.htm\" target=\"_blank\" rel=\"noopener noreferrer\">Fr\u00fchlingslernwerkstatt<\/a><\/p>\n<p><a href=\"http:\/\/www.professor-proto.de\/\" target=\"_blank\" rel=\"noopener noreferrer\">Chemie f\u00fcr coole Kids<\/a><\/p>\n<p><a href=\"https:\/\/www.wwf.ch\/de\/tierarten\" target=\"_blank\" rel=\"noopener noreferrer\">WWF \u2013 Tierarten<\/a><\/p>\n<p><a href=\"http:\/\/www.lehrer-online.de\/heimische-voegel.php?sid=10950057303844767533059305931000\" target=\"_blank\" rel=\"noopener noreferrer\">Heimische V\u00f6gel<\/a><\/p>\n<p><a href=\"http:\/\/www.lehrer-online.de\/vulkane-multimedial.php?sid=85065163840724816833059435943080\" target=\"_blank\" rel=\"noopener noreferrer\">Vulkane<\/a><\/p>\n<p><a href=\"https:\/\/www.lehrer-online.de\/\" target=\"_blank\" rel=\"noopener noreferrer\">Lehrer Online- Datenbank<\/a><\/p>\n<p><a href=\"https:\/\/www.lehrer-online.de\/unterricht\/grundschule\/sachunterricht\/computer-internet-co\/unterrichtseinheit\/ue\/lehrvideos-fuer-den-sachunterricht\/\" target=\"_blank\" rel=\"noopener noreferrer\">Lehrvideos f\u00fcr den Sachunterricht<\/a><\/p>\n<p><a href=\"http:\/\/www.kwerx.de\/\" target=\"_blank\" rel=\"noopener noreferrer\">Die Welt der Kunst<\/a><\/p>\n<\/div>\n<p><br>Eine sehr empfehlenswerte Seite ist die von Fr. Koll. Dipl.-P\u00e4d. Claudia Gantner entwickelte und betreute Plattform f\u00fcr Eltern, LehrerInnen und Sch\u00fclerInnen <a href=\"http:\/\/www.schuleimdialog.at\/Start.2.0.html\" target=\"_blank\" rel=\"noopener noreferrer\"><strong>Schule im Dialog<\/strong><\/a>.<br>Bei Registrierung k\u00f6nnen Sie auf viele Ideen und Arbeitsmaterialien zugreifen, die besonders f\u00fcr individuell und differenzierend gestalteten Unterricht geeignet sind.<\/p>\n<\/td>\n<\/tr>\n<\/thead>\n<\/table>\n","protected":false},"excerpt":{"rendered":"<p>Deutsch Wegerer \u2013 Materialien Rechtschreiben \/ Grammatik 4. Schulstufe 1 Deutsch-Arbeitsmaterialien 4teachers Literaturlexikon Rossipotti Alles \u00fcber Legasthenie Internet-ABC: Mein Lieblingsbuch Projekte mit M\u00e4rchen Mathematik Wegerer \u2013 Materialien Rechenblatt Arbeitsblatt-Profi Ma\u00dfreihen Arbeitsmaterialien &nbsp; Kein Kind ohne Digitale Kompetenzen F\u00fcr Surfanf\u00e4nger Sachunterricht &hellip; <a href=\"https:\/\/vs-haimburg.ksn.at\/?page_id=1135\">Weiterlesen <span class=\"meta-nav\">&rarr;<\/span><\/a><\/p>\n","protected":false},"author":1000,"featured_media":0,"parent":0,"menu_order":0,"comment_status":"closed","ping_status":"closed","template":"sidebar-page.php","meta":[],"_links":{"self":[{"href":"https:\/\/vs-haimburg.ksn.at\/index.php?rest_route=\/wp\/v2\/pages\/1135"}],"collection":[{"href":"https:\/\/vs-haimburg.ksn.at\/index.php?rest_route=\/wp\/v2\/pages"}],"about":[{"href":"https:\/\/vs-haimburg.ksn.at\/index.php?rest_route=\/wp\/v2\/types\/page"}],"author":[{"embeddable":true,"href":"https:\/\/vs-haimburg.ksn.at\/index.php?rest_route=\/wp\/v2\/users\/1000"}],"replies":[{"embeddable":true,"href":"https:\/\/vs-haimburg.ksn.at\/index.php?rest_route=%2Fwp%2Fv2%2Fcomments&post=1135"}],"version-history":[{"count":70,"href":"https:\/\/vs-haimburg.ksn.at\/index.php?rest_route=\/wp\/v2\/pages\/1135\/revisions"}],"predecessor-version":[{"id":4919,"href":"https:\/\/vs-haimburg.ksn.at\/index.php?rest_route=\/wp\/v2\/pages\/1135\/revisions\/4919"}],"wp:attachment":[{"href":"https:\/\/vs-haimburg.ksn.at\/index.php?rest_route=%2Fwp%2Fv2%2Fmedia&parent=1135"}],"curies":[{"name":"wp","href":"https:\/\/api.w.org\/{rel}","templated":true}]}}