{"id":1144,"date":"2012-03-01T09:10:23","date_gmt":"2012-03-01T08:10:23","guid":{"rendered":"http:\/\/www.vs-haimburg.ksn.at\/?page_id=1144"},"modified":"2013-07-10T17:37:37","modified_gmt":"2013-07-10T15:37:37","slug":"verschiedenes","status":"publish","type":"page","link":"https:\/\/vs-haimburg.ksn.at\/?page_id=1144","title":{"rendered":"Verschiedenes"},"content":{"rendered":"<table border=\"0\">\n<tbody>\n<tr>\n<td><a href=\"http:\/\/clic.eduhi.at\/index.php?modul=news&amp;news=879\" target=\"_blank\">Clic<\/a><\/td>\n<td><a href=\"http:\/\/www.minibooks.ch\/\" target=\"_blank\">Minib\u00fccher erstellen<\/a><\/td>\n<td><a href=\"http:\/\/www.raetsel-fuer-kinder.de\/\" target=\"_blank\">R\u00e4tsel f\u00fcr Kinder 1<\/a><\/td>\n<\/tr>\n<tr>\n<td><a href=\"http:\/\/www.senteacher.org\/\" target=\"_blank\">Sen Teacher<\/a><\/td>\n<td><a href=\"http:\/\/www.kikisweb.de\/ausdrucken\/stunden\/stundenplan.htm\" target=\"_blank\">Stundenplangenerator 1<\/a><\/td>\n<td><a href=\"http:\/\/www.hotpotatoes.de\/\" target=\"_blank\">Hot Potatoes<\/a><\/td>\n<\/tr>\n<tr>\n<td><a href=\"http:\/\/www.edugenerator.at\/\" target=\"_blank\">EduGenerator <\/a><\/td>\n<td><a href=\"http:\/\/www.hyperschool.de\/Home\/Schulzeit\/DocSchool\/Stundenplan\/\" target=\"_blank\">Stundenplangenerator 2<\/a><\/td>\n<td><a href=\"http:\/\/www.puzzlemaker.com\" target=\"_blank\">Puzzlemaker 1<\/a><\/td>\n<\/tr>\n<tr>\n<td><a href=\"http:\/\/www.grundschulstoff.de\/arbeitsblatt-generator\/schulfaecher.html\" target=\"_blank\">Arbeitsblatt-Generator<\/a><\/td>\n<td><a>Stundenplangenerator 3<\/a><\/td>\n<td><a href=\"http:\/\/www.jigsawplanet.com\" target=\"_blank\">Puzzlemaker 2<\/a><\/td>\n<\/tr>\n<tr>\n<td><\/td>\n<td><a href=\"http:\/\/bilderpool.at\/\" target=\"_blank\">Bilderpool<\/a><\/td>\n<td><\/td>\n<\/tr>\n<tr>\n<td><strong>FUNDST\u00dcCKE<\/strong><\/td>\n<td><\/td>\n<td><\/td>\n<\/tr>\n<tr>\n<td><span style=\"font-size: small;\">BE &#8211;<\/span> <a href=\"http:\/\/www.lehrer-online.de\/975990.php\" target=\"_blank\">Bleistiftsp\u00e4ne-Kunst<\/a><\/td>\n<td><\/td>\n<td><\/td>\n<\/tr>\n<tr>\n<td><span style=\"font-size: small;\">BE &#8211; <\/span><a href=\"http:\/\/www.fotokalender.ws\/\" target=\"_blank\">Kalender gestalten<\/a><\/td>\n<td><\/td>\n<td><\/td>\n<\/tr>\n<tr>\n<td colspan=\"3\"><span style=\"font-size: small;\">Ein sehr empfehlenswertes Fundst\u00fcck ist die von Fr. Koll.\u00a0Dipl.-P\u00e4d. Claudia Gantner entwickelte und betreute <span style=\"text-decoration: underline;\"><a href=\"http:\/\/www.schuleimdialog.at\/index.php?id=2\" target=\"_blank\">Plattform f\u00fcr Eltern, LehrerInnen\u00a0und Sch\u00fclerInnen<\/a><\/span> <em><strong>Schule im Dialog<\/strong><\/em>.<br \/>\nBei Registrierung k\u00f6nnen Sie auf viele Ideen und Arbeitsmaterialien zugreifen, die besonders f\u00fcr individuell und differenzierend\u00a0gestalteten Unterricht geeignet sind.<\/span><\/td>\n<\/tr>\n<\/tbody>\n<\/table>\n","protected":false},"excerpt":{"rendered":"<p>Clic Minib\u00fccher erstellen R\u00e4tsel f\u00fcr Kinder 1 Sen Teacher Stundenplangenerator 1 Hot Potatoes EduGenerator Stundenplangenerator 2 Puzzlemaker 1 Arbeitsblatt-Generator Stundenplangenerator 3 Puzzlemaker 2 Bilderpool FUNDST\u00dcCKE BE &#8211; Bleistiftsp\u00e4ne-Kunst BE &#8211; Kalender gestalten Ein sehr empfehlenswertes Fundst\u00fcck ist die von Fr. &hellip; <a href=\"https:\/\/vs-haimburg.ksn.at\/?page_id=1144\">Weiterlesen <span class=\"meta-nav\">&rarr;<\/span><\/a><\/p>\n","protected":false},"author":1,"featured_media":0,"parent":0,"menu_order":0,"comment_status":"closed","ping_status":"closed","template":"sidebar-page.php","meta":[],"_links":{"self":[{"href":"https:\/\/vs-haimburg.ksn.at\/index.php?rest_route=\/wp\/v2\/pages\/1144"}],"collection":[{"href":"https:\/\/vs-haimburg.ksn.at\/index.php?rest_route=\/wp\/v2\/pages"}],"about":[{"href":"https:\/\/vs-haimburg.ksn.at\/index.php?rest_route=\/wp\/v2\/types\/page"}],"author":[{"embeddable":true,"href":"https:\/\/vs-haimburg.ksn.at\/index.php?rest_route=\/wp\/v2\/users\/1"}],"replies":[{"embeddable":true,"href":"https:\/\/vs-haimburg.ksn.at\/index.php?rest_route=%2Fwp%2Fv2%2Fcomments&post=1144"}],"version-history":[{"count":33,"href":"https:\/\/vs-haimburg.ksn.at\/index.php?rest_route=\/wp\/v2\/pages\/1144\/revisions"}],"predecessor-version":[{"id":2121,"href":"https:\/\/vs-haimburg.ksn.at\/index.php?rest_route=\/wp\/v2\/pages\/1144\/revisions\/2121"}],"wp:attachment":[{"href":"https:\/\/vs-haimburg.ksn.at\/index.php?rest_route=%2Fwp%2Fv2%2Fmedia&parent=1144"}],"curies":[{"name":"wp","href":"https:\/\/api.w.org\/{rel}","templated":true}]}}