{"id":1195,"date":"2012-03-01T17:32:38","date_gmt":"2012-03-01T16:32:38","guid":{"rendered":"http:\/\/www.vs-haimburg.ksn.at\/?page_id=1195"},"modified":"2015-09-14T14:05:03","modified_gmt":"2015-09-14T12:05:03","slug":"links","status":"publish","type":"page","link":"https:\/\/vs-haimburg.ksn.at\/?page_id=1195","title":{"rendered":"Links"},"content":{"rendered":"<p>Die Link-Seiten werden immer wieder erg\u00e4nzt und aktualisiert. Deshalb sind wir dankbar f\u00fcr Hinweise auf weitere sachbezogenn Internet-Adressen, die wir gegebenenfalls gern in unsere Listen aufnehmen!<\/p>\n<table border=\"0\">\n<tbody>\n<tr>\n<td><a href=\"http:\/\/www.vs-haimburg.ksn.at\/?page_id=71\" target=\"_blank\"><strong>F\u00fcr Sch\u00fclerinnen und Sch\u00fcler<\/strong><\/a><\/td>\n<td><strong><a href=\"http:\/\/www.vs-haimburg.ksn.at\/?page_id=1204\" target=\"_blank\">F\u00fcr Eltern und LehrerInnen<\/a><\/strong><\/td>\n<\/tr>\n<tr>\n<td><a href=\"http:\/\/www.vs-haimburg.ksn.at\/?page_id=216\">Suchen<\/a><\/td>\n<td><a href=\"http:\/\/www.vs-haimburg.ksn.at\/?page_id=228\">Wichtige Adressen<\/a><\/td>\n<\/tr>\n<tr>\n<td><a href=\"http:\/\/www.vs-haimburg.ksn.at\/?page_id=497\">\u00dcben und Lernen<\/a><\/td>\n<td><a href=\"http:\/\/www.vs-haimburg.ksn.at\/?page_id=1132\">Bildungsserver<\/a><\/td>\n<\/tr>\n<tr>\n<td><\/td>\n<td><a href=\"http:\/\/www.vs-haimburg.ksn.at\/?page_id=222\">Lesen &#8211; H\u00f6ren &#8211; Verstehen<\/a><\/td>\n<\/tr>\n<tr>\n<td><\/td>\n<td><a href=\"http:\/\/www.vs-haimburg.ksn.at\/?page_id=1135\">Arbeitsmaterialien<\/a><\/td>\n<\/tr>\n<tr>\n<td><\/td>\n<td><a href=\"http:\/\/www.vs-haimburg.ksn.at\/?page_id=1135\">Verschiedenes<\/a><\/td>\n<\/tr>\n<\/tbody>\n<\/table>\n<p>&nbsp;<\/p>\n","protected":false},"excerpt":{"rendered":"<p>Die Link-Seiten werden immer wieder erg\u00e4nzt und aktualisiert. Deshalb sind wir dankbar f\u00fcr Hinweise auf weitere sachbezogenn Internet-Adressen, die wir gegebenenfalls gern in unsere Listen aufnehmen! F\u00fcr Sch\u00fclerinnen und Sch\u00fcler F\u00fcr Eltern und LehrerInnen Suchen Wichtige Adressen \u00dcben und Lernen &hellip; <a href=\"https:\/\/vs-haimburg.ksn.at\/?page_id=1195\">Weiterlesen <span class=\"meta-nav\">&rarr;<\/span><\/a><\/p>\n","protected":false},"author":1000,"featured_media":0,"parent":0,"menu_order":0,"comment_status":"closed","ping_status":"closed","template":"sidebar-page.php","meta":[],"_links":{"self":[{"href":"https:\/\/vs-haimburg.ksn.at\/index.php?rest_route=\/wp\/v2\/pages\/1195"}],"collection":[{"href":"https:\/\/vs-haimburg.ksn.at\/index.php?rest_route=\/wp\/v2\/pages"}],"about":[{"href":"https:\/\/vs-haimburg.ksn.at\/index.php?rest_route=\/wp\/v2\/types\/page"}],"author":[{"embeddable":true,"href":"https:\/\/vs-haimburg.ksn.at\/index.php?rest_route=\/wp\/v2\/users\/1000"}],"replies":[{"embeddable":true,"href":"https:\/\/vs-haimburg.ksn.at\/index.php?rest_route=%2Fwp%2Fv2%2Fcomments&post=1195"}],"version-history":[{"count":38,"href":"https:\/\/vs-haimburg.ksn.at\/index.php?rest_route=\/wp\/v2\/pages\/1195\/revisions"}],"predecessor-version":[{"id":2950,"href":"https:\/\/vs-haimburg.ksn.at\/index.php?rest_route=\/wp\/v2\/pages\/1195\/revisions\/2950"}],"wp:attachment":[{"href":"https:\/\/vs-haimburg.ksn.at\/index.php?rest_route=%2Fwp%2Fv2%2Fmedia&parent=1195"}],"curies":[{"name":"wp","href":"https:\/\/api.w.org\/{rel}","templated":true}]}}