{"id":1478,"date":"2012-04-12T14:58:35","date_gmt":"2012-04-12T12:58:35","guid":{"rendered":"http:\/\/www.vs-haimburg.ksn.at\/?page_id=1478"},"modified":"2025-03-23T20:08:44","modified_gmt":"2025-03-23T19:08:44","slug":"fruhling-natur-und-umwelt","status":"publish","type":"page","link":"https:\/\/vs-haimburg.ksn.at\/?page_id=1478","title":{"rendered":"Fr\u00fchling &#038; Natur und Umwelt"},"content":{"rendered":"\n<table style=\"border-collapse: collapse; width: 100%;\">\n<tbody>\n<tr>\n<td style=\"width: 52.1172%; text-align: left; vertical-align: top;\"><a href=\"http:\/\/lernarchiv.bildung.hessen.de\/grundschule\/Sachunterricht\/jahreszeiten\/fruehling\/index.html\" target=\"_blank\" rel=\"noopener noreferrer\">Fr\u00fchling<\/a><br \/><br \/>\n<p><a href=\"http:\/\/www.helles-koepfchen.de\/artikel\/2763.html\" target=\"_blank\" rel=\"noopener noreferrer\">Die Tage werden l\u00e4nger<\/a><\/p>\n<p><a href=\"https:\/\/www.hamsterkiste.de\/0900\" target=\"_blank\" rel=\"noopener noreferrer\">Die bl\u00fchenden Boten des Fr\u00fchlings<\/a><\/p>\n<p><a href=\"http:\/\/www.kinderseite.naturundbildung.at\/maerzapril\/fruehling.html\" target=\"_blank\" rel=\"noopener noreferrer\">Fr\u00fchlingsboten \u2013 Quiz<\/a><\/p>\n<p><a href=\"http:\/\/www.medienwerkstatt-online.de\/lws_wissen\/index.php?level=2&amp;kategorie_1=Jahreszeiten&amp;kategorie_2=Die+Jahreszeit+Fr%FChling\" target=\"_blank\" rel=\"noopener noreferrer\">Wissenskarten: Fr\u00fchling<\/a><\/p>\n<p><a href=\"https:\/\/www.geo.de\/geolino\/quiz-ecke\/13220-quiz-bilderraetsel-fruehlingsblumen\" target=\"_blank\" rel=\"noopener\">Bilderr\u00e4tsel: Fr\u00fchlingsblumen<\/a><\/p>\n<p><a href=\"http:\/\/www.medienwerkstatt-online.de\/lws_wissen\/index.php?level=2&amp;kategorie_1=Pflanzen&amp;kategorie_2=Fr%FChlingsblumen+%2F+Fr%FChbl%FCher\" target=\"_blank\" rel=\"noopener noreferrer\">Wissenskarten: Fr\u00fchbl\u00fcher<\/a><\/p>\n<p><a href=\"http:\/\/www.medienwerkstatt-online.de\/lws_wissen\/index.php?level=4&amp;kategorie_1=Jahreszeiten&amp;kategorie_2=Die+Jahreszeit+Fr%FChling&amp;kategorie_3=Zum+Malen+und+Basteln&amp;kategorie_4=Ausmalbilder+-+Fr%FChbl%FCher%2FFr%FChlingsblumen\" target=\"_blank\" rel=\"noopener noreferrer\">Ausmalbilder: Fr\u00fchlingsblumen<\/a><\/p>\n<p><a href=\"http:\/\/www.kinderseite.naturundbildung.at\/tierisch.html\" target=\"_blank\" rel=\"noopener noreferrer\">Tierische Fr\u00fchlingsboten<\/a><\/p>\n<p><a href=\"http:\/\/materials.lehrerweb.at\/materials\/gs\/su\/tiere\/print\/wiese\/maikaefer_kartei_nagel.pdf\" target=\"_blank\" rel=\"noopener noreferrer\">Maik\u00e4fer \u2013 Steckbrief<\/a><\/p>\n<p><a href=\"http:\/\/www.nabu.de\/tiereundpflanzen\/voegel\/portrait\/quiz.html#start\" target=\"_blank\" rel=\"noopener noreferrer\">Vogelstimmenquizz<\/a><\/p>\n<p><a href=\"http:\/\/www.heilpaedagogik-info.de\/kinder\/gedichte\/fruehlingsgedichte.html\" target=\"_blank\" rel=\"noopener noreferrer\">Fr\u00fchlingsgedichte<\/a><\/p>\n<p><a href=\"http:\/\/www.kinderspiele-welt.de\/fruehling\/fruehlingslieder.html\" target=\"_blank\" rel=\"noopener noreferrer\">Fr\u00fchlingslieder<\/a><\/p>\n<p><a href=\"http:\/\/www.titania-foto.com\/keywords\/fruehling\/\" target=\"_blank\" rel=\"noopener noreferrer\">Fr\u00fchlingsbilder<\/a><\/p>\n<\/td>\n<td style=\"width: 47.8828%; text-align: left; vertical-align: top;\">\n<p><a href=\"http:\/\/www.nabu.de\/naturerleben\/onlinevogelfuehrer\/\" target=\"_blank\" rel=\"noopener noreferrer\">Online-Vogelf\u00fchrer<\/a><\/p>\n<p><a href=\"http:\/\/kids.greenpeace.de\/\" target=\"_blank\" rel=\"noopener noreferrer\">Greenpeace-Nachrichten<\/a><\/p>\n<p><a href=\"http:\/\/www.vulkanschule.de\/\" target=\"_blank\" rel=\"noopener noreferrer\">Vulkanschule<\/a><\/p>\n<p><a href=\"https:\/\/www.kids-interactive.de\/portfolio\/nordmeerforscher\/\" target=\"_blank\" rel=\"noopener noreferrer\">Nordmeerforscher<\/a><\/p>\n<p><a href=\"https:\/\/www.ewr-gruppe.de\/verantwortung\/energie-fuer-kids\/kinderseite-strom\/\" target=\"_blank\" rel=\"noopener noreferrer\">Erneuerbare Energie<\/a><\/p>\n<p><a href=\"http:\/\/www.young.evn.at\/Energiewelt.aspx\" target=\"_blank\" rel=\"noopener noreferrer\">Umwelt \u2013 Spiele<\/a><\/p>\n<p><a href=\"http:\/\/www.insektenbox.de\/\" target=\"_blank\" rel=\"noopener noreferrer\">Insektenbox<\/a><\/p>\n<p><a href=\"http:\/\/www.schwalbenschwanz.ch\/schwalbenschwanz-index.html\" target=\"_blank\" rel=\"noopener noreferrer\">Schwalbenschwanz<\/a><\/p>\n<p><a href=\"http:\/\/www.regenwurm.ch\/de\/einfhrung.html\" target=\"_blank\" rel=\"noopener noreferrer\">Der Regenwurm<\/a><\/p>\n<p><a href=\"http:\/\/www.medienwerkstatt-online.de\/lws_wissen\/index.php?level=2&amp;kategorie_1=Pflanzen&amp;kategorie_2=Wald\" target=\"_blank\" rel=\"noopener noreferrer\">Der Wald<\/a><\/p>\n<p><a href=\"https:\/\/www.zdf.de\/kinder\/loewenzahn\/geheimnisvolle-baeume-102.html\" target=\"_blank\" rel=\"noopener noreferrer\">Geheimnisvolle B\u00e4ume<\/a><\/p>\n<p><a href=\"http:\/\/www.baumkunde.de\/baumbestimmung\/\" target=\"_blank\" rel=\"noopener noreferrer\">Baumbestimmung<\/a><\/p>\n<p><a href=\"http:\/\/www.medienwerkstatt-online.de\/lws_wissen\/index.php?action=SUCHEN&amp;searchtext=m%FCll\" target=\"_blank\" rel=\"noopener noreferrer\">Thema: M\u00fcll<br \/><\/a><br \/><a href=\"https:\/\/www.helles-koepfchen.de\/?suche=basteln%20mit%20m%FCll\" target=\"_blank\" rel=\"noopener noreferrer\">Basteln mit M\u00fcll<\/a><\/p>\n<p><a href=\"http:\/\/www.naturdetektive.de\/fileadmin\/NATDET\/documents\/Kapitel_1-10\/15884-17339-1-kapitel_10_muell.pdf\" target=\"_blank\" rel=\"noopener noreferrer\">Was passiert mit unserem M\u00fcll?<\/a><\/p>\n<p><a href=\"https:\/\/material.rpi-virtuell.de\/material\/umweltschutz-durch-muelltrennung-und-muellvermeidung-interaktive-uebungen\/\" target=\"_blank\" rel=\"noopener noreferrer\">M\u00fclltrennung<\/a><\/p>\n<\/td>\n<\/tr>\n<\/tbody>\n<\/table>\n","protected":false},"excerpt":{"rendered":"<p>Fr\u00fchling Die Tage werden l\u00e4nger Die bl\u00fchenden Boten des Fr\u00fchlings Fr\u00fchlingsboten \u2013 Quiz Wissenskarten: Fr\u00fchling Bilderr\u00e4tsel: Fr\u00fchlingsblumen Wissenskarten: Fr\u00fchbl\u00fcher Ausmalbilder: Fr\u00fchlingsblumen Tierische Fr\u00fchlingsboten Maik\u00e4fer \u2013 Steckbrief Vogelstimmenquizz Fr\u00fchlingsgedichte Fr\u00fchlingslieder Fr\u00fchlingsbilder Online-Vogelf\u00fchrer Greenpeace-Nachrichten Vulkanschule Nordmeerforscher Erneuerbare Energie Umwelt \u2013 Spiele Insektenbox &hellip; <a href=\"https:\/\/vs-haimburg.ksn.at\/?page_id=1478\">Weiterlesen <span class=\"meta-nav\">&rarr;<\/span><\/a><\/p>\n","protected":false},"author":1000,"featured_media":0,"parent":0,"menu_order":0,"comment_status":"closed","ping_status":"closed","template":"sidebar-page.php","meta":[],"_links":{"self":[{"href":"https:\/\/vs-haimburg.ksn.at\/index.php?rest_route=\/wp\/v2\/pages\/1478"}],"collection":[{"href":"https:\/\/vs-haimburg.ksn.at\/index.php?rest_route=\/wp\/v2\/pages"}],"about":[{"href":"https:\/\/vs-haimburg.ksn.at\/index.php?rest_route=\/wp\/v2\/types\/page"}],"author":[{"embeddable":true,"href":"https:\/\/vs-haimburg.ksn.at\/index.php?rest_route=\/wp\/v2\/users\/1000"}],"replies":[{"embeddable":true,"href":"https:\/\/vs-haimburg.ksn.at\/index.php?rest_route=%2Fwp%2Fv2%2Fcomments&post=1478"}],"version-history":[{"count":67,"href":"https:\/\/vs-haimburg.ksn.at\/index.php?rest_route=\/wp\/v2\/pages\/1478\/revisions"}],"predecessor-version":[{"id":5063,"href":"https:\/\/vs-haimburg.ksn.at\/index.php?rest_route=\/wp\/v2\/pages\/1478\/revisions\/5063"}],"wp:attachment":[{"href":"https:\/\/vs-haimburg.ksn.at\/index.php?rest_route=%2Fwp%2Fv2%2Fmedia&parent=1478"}],"curies":[{"name":"wp","href":"https:\/\/api.w.org\/{rel}","templated":true}]}}