{"id":1996,"date":"2013-01-24T11:31:02","date_gmt":"2013-01-24T10:31:02","guid":{"rendered":"http:\/\/www.vs-haimburg.ksn.at\/?page_id=1996"},"modified":"2014-04-12T20:51:40","modified_gmt":"2014-04-12T18:51:40","slug":"mein-korper-und-ich","status":"publish","type":"page","link":"https:\/\/vs-haimburg.ksn.at\/?page_id=1996","title":{"rendered":"K\u00f6rper und Gesundheit"},"content":{"rendered":"<table border=\"0\">\n<tbody>\n<tr>\n<td valign=\"top\">\n<div><a href=\"http:\/\/www.unserkoerper.de\/\" target=\"_blank\">Mein K\u00f6rper und ich<\/a><\/div>\n<div><a href=\"http:\/\/www.mallig.eduvinet.de\/bio\/programe\/koerper5.htm\" target=\"_blank\">ABC des K\u00f6rpers<\/a><\/div>\n<div><a href=\"http:\/\/www.meinkoerpergehoertmir.de\/\" target=\"_blank\">Mein K\u00f6rper geh\u00f6rt mir<\/a><\/div>\n<div><a href=\"http:\/\/www.dentrangers.de\/\" target=\"_blank\">Rund um die Z\u00e4hne<\/a><\/div>\n<div><a href=\"http:\/\/www.lagz-bw.de\/lagz\/7.Spiel\/ritterspiel\/index.html\" target=\"_blank\">Zahnasien<\/a><\/div>\n<div><a href=\"http:\/\/blend-a-med.at\/blendi_fuer_kids\/spiele\/index.php\" target=\"_blank\">Zahngesundheitsquiz<\/a><\/div>\n<div><a href=\"http:\/\/www.kinderzahnarztpraxis.de\/Kinder\/felix.htm\" target=\"_blank\">Beim Zahnarzt<br \/>\n<\/a><a href=\"http:\/\/www.medizin-fuer-kids.de\/fitnessstudio\/fitnessstudio.htm\" target=\"_blank\">Medizin f\u00fcr Kids<\/a><br \/>\n<a href=\"http:\/\/www.das-sichere-haus.de\/fileadmin\/Broschueren\/spielevongestern.pdf\" target=\"_blank\">Spiele f\u00fcr drau\u00dfen<\/a><\/div>\n<\/td>\n<td valign=\"top\">\n<div><a href=\"http:\/\/www.gesund-macht-schule.de\/kinderseiten\/\" target=\"_blank\">Rund und bunt<\/a><\/div>\n<div><a href=\"http:\/\/www.wie-fruehstueckt-die-welt.de\/weltweit.html\" target=\"_blank\">Fr\u00fchst\u00fcck<\/a><\/div>\n<div><a href=\"http:\/\/www.kindernetz.de\/infonetz\/thema\/ernaehrung\/-\/id=29360\/1dkxeap\/index.html\" target=\"_blank\">Iss was?!<\/a><\/div>\n<div><a href=\"http:\/\/www.rezepte-und-tipps.de\/Kinderrezept\/\" target=\"_blank\">Kinderrezepte<\/a><\/div>\n<div><a href=\"http:\/\/www.angela-hilger.de\/gesund+fit\/#start.html\" target=\"_blank\">Gesund und fit<\/a><a href=\"http:\/\/www.seitenstark.de\/wm2006\/hintergrund\/gesundheit\/index.html\" target=\"_blank\"><br \/>\nGesundheit, Ern\u00e4hrung und Sport<\/a><a href=\"http:\/\/www.unserkoerper.de\/\" target=\"_blank\"><br \/>\n<\/a><a href=\"http:\/\/\/\/www.primolo.de\/node\/30096\" target=\"_blank\">Besuch im Krei\u00dfsaal<\/a><br \/>\n<a href=\"http:\/\/www.max-und-flocke-helferland.de\/SubSites\/KI\/DE\/Home\/home_node.html\" target=\"_blank\">Helferland<\/a><\/div>\n<div><\/div>\n<\/td>\n<\/tr>\n<\/tbody>\n<\/table>\n","protected":false},"excerpt":{"rendered":"<p>Mein K\u00f6rper und ich ABC des K\u00f6rpers Mein K\u00f6rper geh\u00f6rt mir Rund um die Z\u00e4hne Zahnasien Zahngesundheitsquiz Beim Zahnarzt Medizin f\u00fcr Kids Spiele f\u00fcr drau\u00dfen Rund und bunt Fr\u00fchst\u00fcck Iss was?! Kinderrezepte Gesund und fit Gesundheit, Ern\u00e4hrung und Sport Besuch &hellip; <a href=\"https:\/\/vs-haimburg.ksn.at\/?page_id=1996\">Weiterlesen <span class=\"meta-nav\">&rarr;<\/span><\/a><\/p>\n","protected":false},"author":1,"featured_media":0,"parent":0,"menu_order":0,"comment_status":"closed","ping_status":"closed","template":"sidebar-page.php","meta":[],"_links":{"self":[{"href":"https:\/\/vs-haimburg.ksn.at\/index.php?rest_route=\/wp\/v2\/pages\/1996"}],"collection":[{"href":"https:\/\/vs-haimburg.ksn.at\/index.php?rest_route=\/wp\/v2\/pages"}],"about":[{"href":"https:\/\/vs-haimburg.ksn.at\/index.php?rest_route=\/wp\/v2\/types\/page"}],"author":[{"embeddable":true,"href":"https:\/\/vs-haimburg.ksn.at\/index.php?rest_route=\/wp\/v2\/users\/1"}],"replies":[{"embeddable":true,"href":"https:\/\/vs-haimburg.ksn.at\/index.php?rest_route=%2Fwp%2Fv2%2Fcomments&post=1996"}],"version-history":[{"count":14,"href":"https:\/\/vs-haimburg.ksn.at\/index.php?rest_route=\/wp\/v2\/pages\/1996\/revisions"}],"predecessor-version":[{"id":2394,"href":"https:\/\/vs-haimburg.ksn.at\/index.php?rest_route=\/wp\/v2\/pages\/1996\/revisions\/2394"}],"wp:attachment":[{"href":"https:\/\/vs-haimburg.ksn.at\/index.php?rest_route=%2Fwp%2Fv2%2Fmedia&parent=1996"}],"curies":[{"name":"wp","href":"https:\/\/api.w.org\/{rel}","templated":true}]}}