{"id":213,"date":"2012-01-30T11:06:07","date_gmt":"2012-01-30T10:06:07","guid":{"rendered":"http:\/\/www.vs-haimburg.ksn.at\/?page_id=213"},"modified":"2024-02-20T10:26:54","modified_gmt":"2024-02-20T09:26:54","slug":"impressum","status":"publish","type":"page","link":"https:\/\/vs-haimburg.ksn.at\/?page_id=213","title":{"rendered":"Kontakt"},"content":{"rendered":"<p><strong>Volksschule Haimburg<span style=\"font-size: 14px;\"><br \/>\nHaimburg 53<br \/>\n9111 Haimburg<\/span><\/strong><\/p>\n<p><span style=\"font-size: 14px;\">Telefon: +43(0)4232\/71 06<br \/>\nMobil: +43(0)664\/24 31 614<br \/>\nFax: +43(0)4232\/71 07<br \/>\nEmail: <a href=\"mailto:direktion@vs-voelkermarkt3.ksn.at\">direktion@vs-voelkermarkt3.ksn.at<\/a><br \/>\nHomepage: <a title=\"www.vs-voelkermarkt3.ksn.at\" href=\"https:\/\/vs-haimburg.ksn.at\/\" target=\"_blank\" rel=\"noopener\">www.vs-voelkermarkt3.ksn<br \/>\n<\/a><\/span><\/p>\n<p><span style=\"font-size: 12px;\"><strong>Haftung f\u00fcr Links<\/strong><br \/>\nF\u00fcr Links auf unseren Seiten erkl\u00e4ren wir ausdr\u00fccklich:<\/span><br \/>\n<span style=\"font-size: 12px;\"> Wir haben keinerlei Einfluss auf die Gestaltung und die Inhalte der gelinkten Seiten. Wir machen uns die Inhalte nicht zu eigen. Diese Erkl\u00e4rung gilt f\u00fcr alle auf unserer Homepage angezeigten Links und f\u00fcr alle Inhalte der Seite, zu denen die bei uns sichtbaren Banner, Buttons und Links f\u00fchren.<\/span><strong><span style=\"font-size: 12px;\"><br \/>\nUrheberrechte:<\/span><\/strong><br \/>\n<span style=\"font-size: 12px;\"> Die hier ver\u00f6ffentlichen Daten sind urheberrechtlich gesch\u00fctzt. F\u00fcr Fehler im Text oder falsche Links wird keine Haftung \u00fcbernommen. Eine anderweitige Reproduktion, Mirroring oder Anzeige innerhalb fremder Frames sind ohne schriftliche Genehmigung untersagt.<br \/>\nAlle Rechte und \u00c4nderungen vorbehalten.<\/span><br \/>\n<span style=\"font-size: 12px;\"> \u00a9 2012 &#8211; Volksschule Haimburg<\/span><strong><span style=\"font-size: 12px;\"><br \/>\nF\u00fcr den Inhalt verantwortlich:<\/span><\/strong><br \/>\n<span style=\"font-size: 12px;\">Volksschule Haimburg<\/span><\/p>\n<p>Administration: Maria Graf und Christine Matschek-Figo<\/p>\n","protected":false},"excerpt":{"rendered":"<p>Volksschule Haimburg Haimburg 53 9111 Haimburg Telefon: +43(0)4232\/71 06 Mobil: +43(0)664\/24 31 614 Fax: +43(0)4232\/71 07 Email: direktion@vs-voelkermarkt3.ksn.at Homepage: www.vs-voelkermarkt3.ksn Haftung f\u00fcr Links F\u00fcr Links auf unseren Seiten erkl\u00e4ren wir ausdr\u00fccklich: Wir haben keinerlei Einfluss auf die Gestaltung und die &hellip; <a href=\"https:\/\/vs-haimburg.ksn.at\/?page_id=213\">Weiterlesen <span class=\"meta-nav\">&rarr;<\/span><\/a><\/p>\n","protected":false},"author":1,"featured_media":0,"parent":0,"menu_order":0,"comment_status":"closed","ping_status":"closed","template":"sidebar-page.php","meta":[],"_links":{"self":[{"href":"https:\/\/vs-haimburg.ksn.at\/index.php?rest_route=\/wp\/v2\/pages\/213"}],"collection":[{"href":"https:\/\/vs-haimburg.ksn.at\/index.php?rest_route=\/wp\/v2\/pages"}],"about":[{"href":"https:\/\/vs-haimburg.ksn.at\/index.php?rest_route=\/wp\/v2\/types\/page"}],"author":[{"embeddable":true,"href":"https:\/\/vs-haimburg.ksn.at\/index.php?rest_route=\/wp\/v2\/users\/1"}],"replies":[{"embeddable":true,"href":"https:\/\/vs-haimburg.ksn.at\/index.php?rest_route=%2Fwp%2Fv2%2Fcomments&post=213"}],"version-history":[{"count":17,"href":"https:\/\/vs-haimburg.ksn.at\/index.php?rest_route=\/wp\/v2\/pages\/213\/revisions"}],"predecessor-version":[{"id":4851,"href":"https:\/\/vs-haimburg.ksn.at\/index.php?rest_route=\/wp\/v2\/pages\/213\/revisions\/4851"}],"wp:attachment":[{"href":"https:\/\/vs-haimburg.ksn.at\/index.php?rest_route=%2Fwp%2Fv2%2Fmedia&parent=213"}],"curies":[{"name":"wp","href":"https:\/\/api.w.org\/{rel}","templated":true}]}}