{"id":228,"date":"2012-01-30T11:37:55","date_gmt":"2012-01-30T10:37:55","guid":{"rendered":"http:\/\/www.vs-haimburg.ksn.at\/?page_id=228"},"modified":"2019-11-17T16:26:10","modified_gmt":"2019-11-17T15:26:10","slug":"wichtige-adressen","status":"publish","type":"page","link":"https:\/\/vs-haimburg.ksn.at\/?page_id=228","title":{"rendered":"Wichtige Adressen"},"content":{"rendered":"<table style=\"width: 100%; height: 382px;\" border=\"0\">\n<tbody>\n<tr style=\"height: 32px;\">\n<td style=\"width: 50.3425%; height: 32px;\"><strong><span style=\"font-size: 14px;\">Weiterf\u00fchrende Schulen<\/span><\/strong><\/td>\n<td style=\"width: 49.6575%; height: 32px;\"><strong><span style=\"font-size: 14px;\">Schulen in der Gemeinde V\u00f6lkermarkt<\/span><\/strong><\/td>\n<\/tr>\n<tr style=\"height: 33px;\">\n<td style=\"width: 50.3425%; height: 33px;\"><span style=\"font-size: 12pt; font-family: arial, helvetica, sans-serif;\"><a href=\"http:\/\/nms-voelkermarkt.ksn.at\/\" target=\"_blank\" rel=\"noopener noreferrer\">Neue Mittelschule V\u00f6lkermarkt<\/a><\/span><\/td>\n<td style=\"width: 49.6575%; height: 33px;\"><span style=\"font-size: 12pt; font-family: arial, helvetica, sans-serif;\"><a href=\"http:\/\/www.vs-voelkermarkt1.ksn.at\/\" target=\"_blank\" rel=\"noopener noreferrer\">Volksschule (1) V\u00f6lkermarkt &#8211; Stadt<\/a><\/span><\/td>\n<\/tr>\n<tr style=\"height: 33px;\">\n<td style=\"width: 50.3425%; height: 33px;\"><span style=\"font-size: 12pt; font-family: arial, helvetica, sans-serif;\"><a href=\"http:\/\/www.gym1.at\/\" target=\"_blank\" rel=\"noopener noreferrer\">Alpen-Adria-Gymnasium V\u00f6lkermarkt<\/a><\/span><\/td>\n<td style=\"width: 49.6575%; height: 33px;\"><span style=\"font-size: 12pt; font-family: arial, helvetica, sans-serif;\"><a href=\"http:\/\/www.vs-voelkermarkt4.ksn.at\/\" target=\"_blank\" rel=\"noopener noreferrer\">Volksschule (4) Klein St.Veit<\/a><\/span><\/td>\n<\/tr>\n<tr style=\"height: 33px;\">\n<td style=\"width: 50.3425%; height: 33px;\"><span style=\"font-size: 12pt; font-family: arial, helvetica, sans-serif;\"><a href=\"http:\/\/www.europagymnasium.at\/\" target=\"_blank\" rel=\"noopener noreferrer\">Europagymnasium Klagenfurt<\/a><\/span><\/td>\n<td style=\"width: 49.6575%; height: 33px;\"><span style=\"font-size: 12pt;\"><a href=\"https:\/\/vs-voelkermarkt6.jimdo.com\/\" target=\"_blank\" rel=\"noopener noreferrer\">Volksschule (6) St.Margarethen ob T\u00f6llerberg<\/a><\/span><\/td>\n<\/tr>\n<tr style=\"height: 54px;\">\n<td style=\"width: 50.3425%; height: 54px;\"><span style=\"font-size: 12pt; font-family: arial, helvetica, sans-serif;\"><a href=\"https:\/\/www.slog.at\/home_de\" target=\"_blank\" rel=\"noopener noreferrer\">BG und BRG f\u00fcr Slowenen, Klagenfurt<\/a><\/span><\/td>\n<td style=\"width: 49.6575%; height: 54px;\"><span style=\"font-size: 12pt;\"><a href=\"http:\/\/www.vs-voelkermarkt7.ksn.at\/\" target=\"_blank\" rel=\"noopener noreferrer\">Volksschule (7)&nbsp;St.Peter am Wallersberg<\/a><\/span><\/td>\n<\/tr>\n<tr style=\"height: 33px;\">\n<td style=\"width: 50.3425%; height: 33px;\"><span style=\"font-size: 12pt; font-family: arial, helvetica, sans-serif;\"><a href=\"http:\/\/www.rg-org-ursula.at\/\" target=\"_blank\" rel=\"noopener noreferrer\">Ursulinen Klagenfurt<\/a><\/span><\/td>\n<td style=\"width: 49.6575%; height: 33px;\"><span style=\"font-size: 12pt;\"><a href=\"https:\/\/www.vs-tainach.at\/\" target=\"_blank\" rel=\"noopener noreferrer\">Volksschule (8)&nbsp;Tainach<\/a><\/span><\/td>\n<\/tr>\n<tr style=\"height: 33px;\">\n<td style=\"width: 50.3425%; height: 33px;\"><span style=\"font-size: 12pt; font-family: arial, helvetica, sans-serif;\"><a href=\"http:\/\/www.brg-viktring.at\/home\/index.php\" target=\"_blank\" rel=\"noopener noreferrer\">BRG Viktring<\/a><\/span><\/td>\n<td style=\"width: 49.6575%; height: 33px;\">&nbsp;<\/td>\n<\/tr>\n<tr style=\"height: 33px;\">\n<td style=\"width: 50.3425%; height: 33px;\"><span style=\"font-size: 12pt; font-family: arial, helvetica, sans-serif;\"><a href=\"http:\/\/www.stiftsgym-stpaul.at\/\" target=\"_blank\" rel=\"noopener noreferrer\">Stiftsgymnasium St. Paul<\/a><\/span><\/td>\n<td style=\"width: 49.6575%; height: 33px;\"><span style=\"font-size: 12pt;\"><a href=\"https:\/\/musikschule.ktn.gv.at\/musikschulstandorte-des-landes\/23-Musikschule-tonArt\" target=\"_blank\" rel=\"noopener noreferrer\">Musikschule V\u00f6lkermarkt<\/a><\/span><\/td>\n<\/tr>\n<tr style=\"height: 32px;\">\n<td style=\"width: 50.3425%; height: 32px;\">&nbsp;<\/td>\n<td style=\"width: 49.6575%; height: 32px;\">&nbsp;<\/td>\n<\/tr>\n<tr style=\"height: 33px;\">\n<td style=\"width: 50.3425%; height: 33px;\"><span style=\"font-size: 12pt; font-family: arial, helvetica, sans-serif;\"><a href=\"http:\/\/www.voelkermarkt.gv.at\/index.php\" target=\"_blank\" rel=\"noopener noreferrer\">Stadtgemeinde V\u00f6lkermarkt<\/a><\/span><\/td>\n<td style=\"width: 49.6575%; height: 33px;\"><span style=\"font-size: 12pt; font-family: arial, helvetica, sans-serif;\"><a href=\"http:\/\/www.mediathek-vk.at\/\" target=\"_blank\" rel=\"noopener noreferrer\">Mediathek V\u00f6lkermarkt<\/a><\/span><\/td>\n<\/tr>\n<tr style=\"height: 33px;\">\n<td style=\"width: 50.3425%; height: 33px;\"><span style=\"font-size: 12pt; font-family: arial, helvetica, sans-serif;\"><a href=\"https:\/\/heunburgtheater.at\/\" target=\"_blank\" rel=\"noopener noreferrer\">Heunburg in Haimburg<\/a><\/span><\/td>\n<td style=\"width: 49.6575%; height: 33px;\"><span style=\"font-size: 12pt; font-family: arial, helvetica, sans-serif;\"><a href=\"https:\/\/www.kath-kirche-kaernten.at\/pfarren\/pfarre\/C3264\/\" target=\"_blank\" rel=\"noopener noreferrer\">Pfarre Haimburg<\/a><\/span><\/td>\n<\/tr>\n<\/tbody>\n<\/table>\n","protected":false},"excerpt":{"rendered":"<p>Weiterf\u00fchrende Schulen Schulen in der Gemeinde V\u00f6lkermarkt Neue Mittelschule V\u00f6lkermarkt Volksschule (1) V\u00f6lkermarkt &#8211; Stadt Alpen-Adria-Gymnasium V\u00f6lkermarkt Volksschule (4) Klein St.Veit Europagymnasium Klagenfurt Volksschule (6) St.Margarethen ob T\u00f6llerberg BG und BRG f\u00fcr Slowenen, Klagenfurt Volksschule (7)&nbsp;St.Peter am Wallersberg Ursulinen Klagenfurt &hellip; <a href=\"https:\/\/vs-haimburg.ksn.at\/?page_id=228\">Weiterlesen <span class=\"meta-nav\">&rarr;<\/span><\/a><\/p>\n","protected":false},"author":1,"featured_media":0,"parent":71,"menu_order":0,"comment_status":"closed","ping_status":"closed","template":"sidebar-page.php","meta":[],"_links":{"self":[{"href":"https:\/\/vs-haimburg.ksn.at\/index.php?rest_route=\/wp\/v2\/pages\/228"}],"collection":[{"href":"https:\/\/vs-haimburg.ksn.at\/index.php?rest_route=\/wp\/v2\/pages"}],"about":[{"href":"https:\/\/vs-haimburg.ksn.at\/index.php?rest_route=\/wp\/v2\/types\/page"}],"author":[{"embeddable":true,"href":"https:\/\/vs-haimburg.ksn.at\/index.php?rest_route=\/wp\/v2\/users\/1"}],"replies":[{"embeddable":true,"href":"https:\/\/vs-haimburg.ksn.at\/index.php?rest_route=%2Fwp%2Fv2%2Fcomments&post=228"}],"version-history":[{"count":31,"href":"https:\/\/vs-haimburg.ksn.at\/index.php?rest_route=\/wp\/v2\/pages\/228\/revisions"}],"predecessor-version":[{"id":3662,"href":"https:\/\/vs-haimburg.ksn.at\/index.php?rest_route=\/wp\/v2\/pages\/228\/revisions\/3662"}],"up":[{"embeddable":true,"href":"https:\/\/vs-haimburg.ksn.at\/index.php?rest_route=\/wp\/v2\/pages\/71"}],"wp:attachment":[{"href":"https:\/\/vs-haimburg.ksn.at\/index.php?rest_route=%2Fwp%2Fv2%2Fmedia&parent=228"}],"curies":[{"name":"wp","href":"https:\/\/api.w.org\/{rel}","templated":true}]}}