{"id":3848,"date":"2020-10-15T16:12:16","date_gmt":"2020-10-15T14:12:16","guid":{"rendered":"http:\/\/www.vs-haimburg.ksn.at\/?page_id=3848"},"modified":"2024-10-08T19:39:33","modified_gmt":"2024-10-08T17:39:33","slug":"deutsch","status":"publish","type":"page","link":"https:\/\/vs-haimburg.ksn.at\/?page_id=3848","title":{"rendered":"Deutsch"},"content":{"rendered":"\n<table style=\"border-collapse: collapse; width: 100%;\">\n<tbody>\n<tr>\n<td style=\"width: 50%;\">\n<p><a href=\"https:\/\/vs-material.wegerer.at\/deutsch\/d_lesen_erst_blitz.htm\" target=\"_blank\" rel=\"noopener noreferrer\">Blitzlesen<\/a><\/p>\n<p><a href=\"http:\/\/www.legasthenie-software.de\/game\/game.htm\" target=\"_blank\" rel=\"noopener noreferrer\">Lesespiel 1<\/a><\/p>\n<p><a href=\"http:\/\/materials.lehrerweb.at\/materials\/gs\/deutsch\/lesen\/webs\/was_stimmt_nicht\/\" target=\"_blank\" rel=\"noopener noreferrer\">Lesespiel 2<\/a><\/p>\n<p><a href=\"http:\/\/materials.lehrerweb.at\/materials\/gs\/su\/tiere\/web\/leseraetsel_tiere\/\" target=\"_blank\" rel=\"noopener noreferrer\">Tierr\u00e4tsel<\/a><\/p>\n<p><a href=\"http:\/\/materials.lehrerweb.at\/materials\/gs\/deutsch\/lesen\/webs\/tiere_wasser\/index.html\" target=\"_blank\" rel=\"noopener noreferrer\">Tiere am Wasser<\/a><\/p>\n<p><a href=\"http:\/\/www.leseraupe.tsn.at\/\" target=\"_blank\" rel=\"noopener noreferrer\">Leseraupe<\/a><\/p>\n<p><a href=\"http:\/\/materials.lehrerweb.at\/materials\/gs\/deutsch\/aufsatz\/web\/drachengeschichte\/\" target=\"_blank\" rel=\"noopener noreferrer\">Drachengeschichte<\/a><\/p>\n<p><a href=\"http:\/\/www.antonwelt.at\/geschichtenwerkstatt\/index.php\" target=\"_blank\" rel=\"noopener noreferrer\">Schreib eine Anton-Geschichte!<\/a><\/p>\n<p><strong>F\u00fcr Lehrerinnen und Lehrer<\/strong><br \/><a href=\"https:\/\/www.lehrer-online.de\/fokusthemen\/dossier\/do\/lesefoerderung\/\" target=\"_blank\" rel=\"noopener noreferrer\">Lesef\u00f6rderung<\/a><br \/>\u25ca<br \/><a href=\"https:\/\/www.lehrer-online.de\/unterricht\/grundschule\/sprache\/lesen-und-schreiben\/unterrichtseinheit\/ue\/lesen-und-schreiben-lernen-individuelle-foerderung-mit-technologieunterstuetzung\/\" target=\"_blank\" rel=\"noopener noreferrer\">Lesen und Schreiben lernen: individuelle<br \/>F\u00f6rderung mit Technologieunterst\u00fctzung<\/a><br \/>\u25ca<br \/><a href=\"https:\/\/www.lehrer-online.de\/unterricht\/sekundarstufen\/geisteswissenschaften\/deutsch\/unterrichtseinheit\/ue\/zeitgenoessische-literatur-fuer-kinder-und-jugendliche-mit-der-literarischen-stationenreise\/\" target=\"_blank\" rel=\"noopener noreferrer\">Literarische Stationenreise<\/a><\/p>\n<\/td>\n<td style=\"width: 50%; text-align: left; vertical-align: top;\">\n<p><a href=\"http:\/\/www.reimix.de\/tipps\/kinder-onlinespiel\/\" target=\"_blank\" rel=\"noopener noreferrer\">Reimix<\/a><\/p>\n<p><a href=\"https:\/\/www.schiebepuzzle.com\/\" target=\"_blank\" rel=\"noopener\">Schiebepuzzles<\/a><\/p>\n<p><a href=\"https:\/\/luxdigi.at\/\" target=\"_blank\" rel=\"noopener noreferrer\">Lux\/digi<\/a><\/p>\n<p><a href=\"https:\/\/www.orthografietrainer.net\/schueler\/index.php\" target=\"_blank\" rel=\"noopener noreferrer\">Rechtschreibtrainer<\/a><\/p>\n<p><a href=\"http:\/\/www.wdrmaus.de\/\" target=\"_blank\" rel=\"noopener noreferrer\">Die Seite mit der Maus<\/a><\/p>\n<p><a href=\"http:\/\/www.legakids.net\/kids\/horch-mal\/\" target=\"_blank\" rel=\"noopener noreferrer\">Horch-Spiele<\/a><\/p>\n<p><a href=\"http:\/\/ohrenklick.at\/index.php\" target=\"_blank\" rel=\"noopener noreferrer\">Ohrenklick<\/a><\/p>\n<p><a href=\"https:\/\/www.loka.at\/\" target=\"_blank\" rel=\"noopener noreferrer\">eLearning \u2013 Logar<\/a><\/p>\n<p><a href=\"https:\/\/www.schlaukopf.at\/\" target=\"_blank\" rel=\"noopener noreferrer\">Schlaukopf<\/a><\/p>\n<p>\u00a0<\/p>\n<p><a href=\"https:\/\/www.sonderpaed.at\/fachbereiche\/sprachheilp%C3%A4dagogik\/tipps-f%C3%BCr-eltern-und-lehrer-innen\/\" target=\"_blank\" rel=\"noopener\">SPRACHHEILUNTERRICHT \u2013<br \/>PRAVILNI GOVOR<\/a><\/p>\n<\/td>\n<\/tr>\n<\/tbody>\n<\/table>\n","protected":false},"excerpt":{"rendered":"<p>Blitzlesen Lesespiel 1 Lesespiel 2 Tierr\u00e4tsel Tiere am Wasser Leseraupe Drachengeschichte Schreib eine Anton-Geschichte! F\u00fcr Lehrerinnen und LehrerLesef\u00f6rderung\u25caLesen und Schreiben lernen: individuelleF\u00f6rderung mit Technologieunterst\u00fctzung\u25caLiterarische Stationenreise Reimix Schiebepuzzles Lux\/digi Rechtschreibtrainer Die Seite mit der Maus Horch-Spiele Ohrenklick eLearning \u2013 Logar Schlaukopf &hellip; <a href=\"https:\/\/vs-haimburg.ksn.at\/?page_id=3848\">Weiterlesen <span class=\"meta-nav\">&rarr;<\/span><\/a><\/p>\n","protected":false},"author":1000,"featured_media":0,"parent":0,"menu_order":0,"comment_status":"closed","ping_status":"closed","template":"sidebar-page.php","meta":[],"_links":{"self":[{"href":"https:\/\/vs-haimburg.ksn.at\/index.php?rest_route=\/wp\/v2\/pages\/3848"}],"collection":[{"href":"https:\/\/vs-haimburg.ksn.at\/index.php?rest_route=\/wp\/v2\/pages"}],"about":[{"href":"https:\/\/vs-haimburg.ksn.at\/index.php?rest_route=\/wp\/v2\/types\/page"}],"author":[{"embeddable":true,"href":"https:\/\/vs-haimburg.ksn.at\/index.php?rest_route=\/wp\/v2\/users\/1000"}],"replies":[{"embeddable":true,"href":"https:\/\/vs-haimburg.ksn.at\/index.php?rest_route=%2Fwp%2Fv2%2Fcomments&post=3848"}],"version-history":[{"count":13,"href":"https:\/\/vs-haimburg.ksn.at\/index.php?rest_route=\/wp\/v2\/pages\/3848\/revisions"}],"predecessor-version":[{"id":5021,"href":"https:\/\/vs-haimburg.ksn.at\/index.php?rest_route=\/wp\/v2\/pages\/3848\/revisions\/5021"}],"wp:attachment":[{"href":"https:\/\/vs-haimburg.ksn.at\/index.php?rest_route=%2Fwp%2Fv2%2Fmedia&parent=3848"}],"curies":[{"name":"wp","href":"https:\/\/api.w.org\/{rel}","templated":true}]}}