{"id":3850,"date":"2020-10-15T16:18:47","date_gmt":"2020-10-15T14:18:47","guid":{"rendered":"http:\/\/www.vs-haimburg.ksn.at\/?page_id=3850"},"modified":"2020-10-15T18:49:37","modified_gmt":"2020-10-15T16:49:37","slug":"mathematik","status":"publish","type":"page","link":"https:\/\/vs-haimburg.ksn.at\/?page_id=3850","title":{"rendered":"Mathematik"},"content":{"rendered":"<table style=\"border-collapse: collapse; width: 100%;\">\n<tbody>\n<tr>\n<td style=\"width: 307px; text-align: left; vertical-align: top;\"><a href=\"https:\/\/www.edugroup.at\/praxis\/thema\/detail\/einmaleins-am-computer.html\" target=\"_blank\" rel=\"noopener noreferrer\">Einmaleins &#8211; online \u00fcben<\/a><\/p>\n<p><a href=\"http:\/\/www.bernhard-gaul.de\/spiele\/matherechner\/einmaleins.php\" target=\"_blank\" rel=\"noopener noreferrer\">Malaufgaben<\/a><\/p>\n<p><a href=\"https:\/\/vs-material.wegerer.at\/webs\/malreihen\/index.html\" target=\"_blank\" rel=\"noopener noreferrer\">Mals\u00e4tzchen<\/a><\/p>\n<p><a href=\"https:\/\/vs-material.wegerer.at\/webs\/insaetzchen\/index.html\" target=\"_blank\" rel=\"noopener noreferrer\">Ins\u00e4tzchen<\/a><\/p>\n<p><a href=\"http:\/\/www.mathe-online.at\/materialien\/christian.nosko\/files\/boris\/zahlenmauern\/\" target=\"_blank\" rel=\"noopener noreferrer\">Zahlenmauern<\/a><\/p>\n<p><a href=\"https:\/\/www.loka.at\/\" target=\"_blank\" rel=\"noopener noreferrer\">eLearning &#8211; Logar<\/a><\/p>\n<p><a href=\"https:\/\/www.lehrer-online.de\/unterricht\/grundschule\/mathematik\/rechnen-und-logik\/unterrichtseinheit\/seite\/ue\/die-grundrechenarten-interaktive-uebungen-mit-h5p\/interaktive-uebungen-grundrechenarten\/\" target=\"_blank\" rel=\"noopener noreferrer\">Wiederhole die Grundrechenarten!<\/a><\/td>\n<td style=\"width: 307px; text-align: left; vertical-align: top;\"><a href=\"http:\/\/www.rechenheft.com\/\" target=\"_blank\" rel=\"noopener noreferrer\">Rechenheft<\/a><\/p>\n<p><a href=\"http:\/\/www.volksschullehrerin.at\/unterrichtsmaterial\/kategorie\/arbeitsblaetter-erstellen\/\" target=\"_blank\" rel=\"noopener noreferrer\">Rechenblatt<\/a><\/p>\n<p><a href=\"http:\/\/www.mathe-im-netz.de\/klasse-1\/aufgaben-klasse-1\/\" target=\"_blank\" rel=\"noopener noreferrer\">Mathe &#8211; kreuz und quer<\/a><\/p>\n<p><a href=\"http:\/\/www.mathe-kaenguru.de\/\" target=\"_blank\" rel=\"noopener noreferrer\">K\u00e4nguru<\/a><\/p>\n<p><a href=\"http:\/\/www.rechenraetsel.de\/schule\/\" target=\"_blank\" rel=\"noopener noreferrer\">Rechenr\u00e4tsel<\/a><\/p>\n<p><a href=\"https:\/\/www.schlaukopf.at\/\" target=\"_blank\" rel=\"noopener noreferrer\">Schlaukopf<\/a><\/td>\n<\/tr>\n<\/tbody>\n<\/table>\n","protected":false},"excerpt":{"rendered":"<p>Einmaleins &#8211; online \u00fcben Malaufgaben Mals\u00e4tzchen Ins\u00e4tzchen Zahlenmauern eLearning &#8211; Logar Wiederhole die Grundrechenarten! Rechenheft Rechenblatt Mathe &#8211; kreuz und quer K\u00e4nguru Rechenr\u00e4tsel Schlaukopf<\/p>\n","protected":false},"author":1000,"featured_media":0,"parent":0,"menu_order":0,"comment_status":"closed","ping_status":"closed","template":"sidebar-page.php","meta":[],"_links":{"self":[{"href":"https:\/\/vs-haimburg.ksn.at\/index.php?rest_route=\/wp\/v2\/pages\/3850"}],"collection":[{"href":"https:\/\/vs-haimburg.ksn.at\/index.php?rest_route=\/wp\/v2\/pages"}],"about":[{"href":"https:\/\/vs-haimburg.ksn.at\/index.php?rest_route=\/wp\/v2\/types\/page"}],"author":[{"embeddable":true,"href":"https:\/\/vs-haimburg.ksn.at\/index.php?rest_route=\/wp\/v2\/users\/1000"}],"replies":[{"embeddable":true,"href":"https:\/\/vs-haimburg.ksn.at\/index.php?rest_route=%2Fwp%2Fv2%2Fcomments&post=3850"}],"version-history":[{"count":5,"href":"https:\/\/vs-haimburg.ksn.at\/index.php?rest_route=\/wp\/v2\/pages\/3850\/revisions"}],"predecessor-version":[{"id":3872,"href":"https:\/\/vs-haimburg.ksn.at\/index.php?rest_route=\/wp\/v2\/pages\/3850\/revisions\/3872"}],"wp:attachment":[{"href":"https:\/\/vs-haimburg.ksn.at\/index.php?rest_route=%2Fwp%2Fv2%2Fmedia&parent=3850"}],"curies":[{"name":"wp","href":"https:\/\/api.w.org\/{rel}","templated":true}]}}