{"id":3858,"date":"2020-10-15T16:41:04","date_gmt":"2020-10-15T14:41:04","guid":{"rendered":"http:\/\/www.vs-haimburg.ksn.at\/?page_id=3858"},"modified":"2020-10-15T18:52:57","modified_gmt":"2020-10-15T16:52:57","slug":"verschiedenes-2","status":"publish","type":"page","link":"https:\/\/vs-haimburg.ksn.at\/?page_id=3858","title":{"rendered":"Verschiedenes"},"content":{"rendered":"\n<table style=\"border-collapse: collapse; width: 100%;\">\n<tbody>\n<tr>\n<td style=\"width: 50%; text-align: left; vertical-align: top;\">\n<p><a href=\"http:\/\/www.tipptrainer-calli-clever.de\/tipp-trainer\/\" target=\"_blank\" rel=\"noopener noreferrer\">Online &#8211; Tipptrainer<\/a><\/p>\n<p><a href=\"https:\/\/www.zdf.de\/kinder\/ueber-zdftivi\/jonalu-112.html\" target=\"_blank\" rel=\"noopener noreferrer\">JoNaLu &#8211; Sprachf\u00f6rderung<\/a><\/p>\n<p><a href=\"http:\/\/www.find-das-bild.de\/\" target=\"_blank\" rel=\"noopener noreferrer\">Bildersuche f\u00fcr Kinder<\/a><\/p>\n<p><a href=\"http:\/\/www.malvorlagen-bilder.de\/\" target=\"_blank\" rel=\"noopener noreferrer\">Malvorlagen<\/a><\/p>\n<p><a href=\"http:\/\/www.notenmax.de\/#\/intro\" target=\"_blank\" rel=\"noopener noreferrer\">Notenmax<\/a><\/p>\n<p><a href=\"https:\/\/www.schlaukopf.at\/\" target=\"_blank\" rel=\"noopener noreferrer\">Schlaukopf<\/a><\/p>\n<\/td>\n<td style=\"width: 50%; text-align: left; vertical-align: top;\">\n<p><a href=\"http:\/\/www.notenmax.de\/#\/intro\" target=\"_blank\" rel=\"noopener noreferrer\">Notenmax<\/a><\/p>\n<p><a href=\"http:\/\/www.kindermedienstadt.de\/\" target=\"_blank\" rel=\"noopener noreferrer\">Kindermedienstadt<\/a><\/p>\n<p><a href=\"http:\/\/www.primolo.de\/\" target=\"_blank\" rel=\"noopener noreferrer\">Primolo<\/a><\/p>\n<p><a href=\"https:\/\/www.meinkind.de\/deutsch-fuer-den-schulstart\" target=\"_blank\" rel=\"noopener noreferrer\">Seite f\u00fcr Vorschule und Schulanf\u00e4nger<\/a><\/p>\n<p><a href=\"http:\/\/www.lingonetz.de\/mint\" target=\"_blank\" rel=\"noopener noreferrer\">Lingo<\/a><\/p>\n<p><a href=\"http:\/\/www.legakids.net\/kids\/spiele-games\/\" target=\"_blank\" rel=\"noopener noreferrer\">LUSTIGE \u00dcBUNGEN<\/a><br>\ud83d\udca1<br><a href=\"https:\/\/www.lehrer-online.de\/fokusthemen\/dossier\/do\/e-learning-zu-hause-lernen-und-kommunizieren-trotz-unterrichtsausfall\/\" target=\"_blank\" rel=\"noopener noreferrer\">E-Learning zu Hause &#8211; Informationen und Material f\u00fcr Lehrer<\/a><\/p>\n<\/td>\n<\/tr>\n<\/tbody>\n<\/table>\n","protected":false},"excerpt":{"rendered":"<p>Online &#8211; Tipptrainer JoNaLu &#8211; Sprachf\u00f6rderung Bildersuche f\u00fcr Kinder Malvorlagen Notenmax Schlaukopf Notenmax Kindermedienstadt Primolo Seite f\u00fcr Vorschule und Schulanf\u00e4nger Lingo LUSTIGE \u00dcBUNGEN\ud83d\udca1E-Learning zu Hause &#8211; Informationen und Material f\u00fcr Lehrer<\/p>\n","protected":false},"author":1000,"featured_media":0,"parent":0,"menu_order":0,"comment_status":"closed","ping_status":"closed","template":"sidebar-page.php","meta":[],"_links":{"self":[{"href":"https:\/\/vs-haimburg.ksn.at\/index.php?rest_route=\/wp\/v2\/pages\/3858"}],"collection":[{"href":"https:\/\/vs-haimburg.ksn.at\/index.php?rest_route=\/wp\/v2\/pages"}],"about":[{"href":"https:\/\/vs-haimburg.ksn.at\/index.php?rest_route=\/wp\/v2\/types\/page"}],"author":[{"embeddable":true,"href":"https:\/\/vs-haimburg.ksn.at\/index.php?rest_route=\/wp\/v2\/users\/1000"}],"replies":[{"embeddable":true,"href":"https:\/\/vs-haimburg.ksn.at\/index.php?rest_route=%2Fwp%2Fv2%2Fcomments&post=3858"}],"version-history":[{"count":1,"href":"https:\/\/vs-haimburg.ksn.at\/index.php?rest_route=\/wp\/v2\/pages\/3858\/revisions"}],"predecessor-version":[{"id":3859,"href":"https:\/\/vs-haimburg.ksn.at\/index.php?rest_route=\/wp\/v2\/pages\/3858\/revisions\/3859"}],"wp:attachment":[{"href":"https:\/\/vs-haimburg.ksn.at\/index.php?rest_route=%2Fwp%2Fv2%2Fmedia&parent=3858"}],"curies":[{"name":"wp","href":"https:\/\/api.w.org\/{rel}","templated":true}]}}