{"id":4465,"date":"2022-10-31T14:47:08","date_gmt":"2022-10-31T13:47:08","guid":{"rendered":"https:\/\/vs-haimburg.ksn.at\/?page_id=4465"},"modified":"2022-10-31T14:47:08","modified_gmt":"2022-10-31T13:47:08","slug":"datenschutzerklaerung","status":"publish","type":"page","link":"https:\/\/vs-haimburg.ksn.at\/?page_id=4465","title":{"rendered":"Datenschutzerkl\u00e4rung"},"content":{"rendered":"\n<p><strong>Erkl\u00e4rung zur Informationspflicht (Datenschutzerkl\u00e4rung)<\/strong><\/p>\n<p>Der Schutz Ihrer pers\u00f6nlichen Daten ist uns ein besonderes Anliegen. Wir verarbeiten Ihre Daten daher ausschlie\u00dflich auf Grundlage der gesetzlichen Bestimmungen (EU-DSGVO, TKG 2003). In diesen Datenschutzinformationen informieren wir Sie \u00fcber die wichtigsten Aspekte der Datenverarbeitung im Rahmen unserer Website.<\/p>\n<p><strong>Ihre Rechte<\/strong><\/p>\n<p>Ihnen stehen grunds\u00e4tzlich die Rechte auf <strong>Auskunft, Berichtigung, L\u00f6schung, Einschr\u00e4nkung, Daten\u00fcbertragbarkeit, Widerruf und Widerspruch<\/strong> zu.<\/p>\n<p>Wenn Sie glauben, dass die Verarbeitung Ihrer Daten gegen das Datenschutzrecht verst\u00f6\u00dft oder Ihre datenschutzrechtlichen Anspr\u00fcche sonst in einer Weise verletzt worden sind, bitten wir Sie, mit uns Kontakt aufzunehmen. Wir geben Ihnen gerne Auskunft. Wir sind bestrebt, allen gesetzlichen Anforderungen gerecht zu werden.<\/p>\n<p><strong>Zust\u00e4ndige Beh\u00f6rde<br><\/strong>Sie k\u00f6nnen zudem Kontakt mit der Aufsichtsbeh\u00f6rde aufnehmen.<br>In \u00d6sterreich ist dies die Datenschutzbeh\u00f6rde: <a href=\"https:\/\/www.dsb.gv.at\/\">https:\/\/www.dsb.gv.at\/<\/a><\/p>\n<p><strong>Datenverarbeitung<\/strong><\/p>\n<p>Wir verarbeiten personenbezogene Daten zu folgenden Zwecken:<\/p>\n<ul>\n<li>um diese Website weiter zu verbessern und zu entwickeln<\/li>\n<li>um Nutzungsstatistiken erstellen zu k\u00f6nnen<\/li>\n<li>um Angriffe auf unsere Website erkennen, verhindern und untersuchen zu k\u00f6nnen<\/li>\n<li>um Ihre Anfragen zu beantworten<\/li>\n<li>um den gesetzlichen Bestimmungen f\u00fcr Datenhaltung zu entsprechen<\/li>\n<\/ul>\n<p><strong>Rechtsgrundlagen der Verarbeitung<\/strong><br>Die rechtliche Grundlage f\u00fcr die Verarbeitung Ihrer personenbezogenen Daten ist unser \u00fcberwiegendes berechtigtes Interesse (gem\u00e4\u00df Art. 6 Abs. 1 lit. f EU- Datenschutz-Grundverordnung), welches darin besteht, die oben unter Punkt 3 genannten Zwecke zu erreichen.<\/p>\n<p><strong>Datenspeicherung<br><\/strong>Einige Daten von Besuchern werden auf Webservern automatisch gespeichert. Unser Webserver speichert automatisch Daten wie die IP-Adresse, die besuchten Unterseiten, Browserdaten und Datum sowie Uhrzeit. Wir nutzen diese Daten nicht und geben Sie in der Regel nicht weiter, k\u00f6nnen jedoch nicht ausschlie\u00dfen, dass diese Daten beim Vorliegen von rechtswidrigem Verhalten eingesehen werden.<\/p>\n<p><strong>Datenentstehung<\/strong><\/p>\n<p><strong>Seitenbesuch<br><\/strong>Im Zuge Ihres Besuchs dieser Website erheben wir folgende Informationen: Datum und die Uhrzeit des Aufrufs einer Seite auf unserer Website, Ihre IP-Adresse, Namen und Version Ihres Web-Browsers, die Webseite (URL), die Sie vor dem Aufruf dieser Website besucht haben, bestimmte Cookies und jene Informationen, die Sie selbst durch Ausf\u00fcllen des Antrages auf Mitgliedschaft oder Newsletter-Abo zur Verf\u00fcgung stellen.<br>Es besteht keine Verpflichtung, jene Daten, um deren Angabe wir Sie auf unserer Website bitten, tats\u00e4chlich anzugeben. Wenn Sie dies jedoch nicht tun, wird es Ihnen nicht m\u00f6glich sein, alle Funktionen der Website zu nutzen.<\/p>\n<p><strong>Ihre Kontaktangaben<br><\/strong>Wenn Sie per Kontaktformular, Formular oder anderen Eingabem\u00f6glichkeiten Daten auf der Website eingeben oder per E-Mail, telefonisch oder pers\u00f6nlich Kontakt mit uns aufnehmen, werden Ihre Informationen und Kontaktdaten zwecks Bearbeitung der Anfrage und f\u00fcr den Fall von Anschlussfragen 12 Monate gespeichert. Diese Daten geben wir nicht ohne Ihre Einwilligung an Dritte weiter.&nbsp;<\/p>\n<p><strong>Statistische Auswertungen und Serverlogs<\/strong><\/p>\n<p>Wenn Sie unsere Webseite besuchen, speichert unser Webserver jeden Zugriff in einer Protokolldatei. Auszugsweise werden folgende Daten erfasst:<\/p>\n<ul>\n<li>IP-Adresse des anfragenden Rechners<\/li>\n<li>Datum und Uhrzeit des Zugriffs des anfragenden Rechners<\/li>\n<li>Name und URL der abgerufenen Datei<\/li>\n<li>Meldung, ob der Abruf erfolgreich war<\/li>\n<li>Erkennungsdaten des verwendeten Browser- und Betriebssystems<\/li>\n<li>Webseite, von der aus der Zugriff erfolgt<\/li>\n<\/ul>\n<p>Die Verarbeitung dieser Daten erfolgt zum Zweck der Erm\u00f6glichung der Nutzung der Webseite (Verbindungsaufbau), der Systemsicherheit, der technischen Administration der Netzinfrastruktur sowie zur Optimierung des Internetangebotes. Diese Daten werden \u2013 sollte es einen Hackangriff gegeben haben \u2013 an die Strafverfolgungsbeh\u00f6rden weitergeben. Eine dar\u00fcberhinausgehende Weitergabe an Dritte erfolgt nicht.<\/p>\n<p><strong>Ihr Kontakt in Datenschutzangelegenheiten<br><\/strong><\/p>\n<p><strong>Volksschule Haimburg<br>Haimburg 53<br>9111 Haimburg<\/strong><\/p>\n<p>Telefon: +43(0)4232\/71 06<br>Mobil: +43(0)664\/24 31 614<br>Fax: +43(0)4232\/71 07<br>Email: <a href=\"mailto:direktion@vs-voelkermarkt3.ksn.at\">direktion@vs-voelkermarkt3.ksn.at<\/a><br>Homepage: <a title=\"www.vs-voelkermarkt3.ksn.at\" href=\"http:\/\/www.vs-voelkermarkt3.ksn.at\/\" target=\"_blank\" rel=\"noopener\">www.vs-voelkermarkt3.ksn<\/a><\/p>\n<p><strong>Die Ver\u00f6ffentlichung dieser Daten darf nicht als Zustimmung zum Empfang von Werbenachrichten gewertet werden!<\/strong><\/p>\n<h2><strong>Datensicherheit<\/strong><\/h2>\n<p>Wir weisen darauf hin, dass die Daten\u00fcbertragung im Internet (z.B. bei der Kommunikation per E-Mail) Sicherheitsl\u00fccken aufweisen kann. Ein l\u00fcckenloser Schutz der Daten vor dem Zugriff durch Dritte ist nicht m\u00f6glich.<\/p>\n","protected":false},"excerpt":{"rendered":"<p>Erkl\u00e4rung zur Informationspflicht (Datenschutzerkl\u00e4rung) Der Schutz Ihrer pers\u00f6nlichen Daten ist uns ein besonderes Anliegen. Wir verarbeiten Ihre Daten daher ausschlie\u00dflich auf Grundlage der gesetzlichen Bestimmungen (EU-DSGVO, TKG 2003). In diesen Datenschutzinformationen informieren wir Sie \u00fcber die wichtigsten Aspekte der Datenverarbeitung &hellip; <a href=\"https:\/\/vs-haimburg.ksn.at\/?page_id=4465\">Weiterlesen <span class=\"meta-nav\">&rarr;<\/span><\/a><\/p>\n","protected":false},"author":1000,"featured_media":0,"parent":0,"menu_order":0,"comment_status":"closed","ping_status":"closed","template":"","meta":[],"_links":{"self":[{"href":"https:\/\/vs-haimburg.ksn.at\/index.php?rest_route=\/wp\/v2\/pages\/4465"}],"collection":[{"href":"https:\/\/vs-haimburg.ksn.at\/index.php?rest_route=\/wp\/v2\/pages"}],"about":[{"href":"https:\/\/vs-haimburg.ksn.at\/index.php?rest_route=\/wp\/v2\/types\/page"}],"author":[{"embeddable":true,"href":"https:\/\/vs-haimburg.ksn.at\/index.php?rest_route=\/wp\/v2\/users\/1000"}],"replies":[{"embeddable":true,"href":"https:\/\/vs-haimburg.ksn.at\/index.php?rest_route=%2Fwp%2Fv2%2Fcomments&post=4465"}],"version-history":[{"count":2,"href":"https:\/\/vs-haimburg.ksn.at\/index.php?rest_route=\/wp\/v2\/pages\/4465\/revisions"}],"predecessor-version":[{"id":5102,"href":"https:\/\/vs-haimburg.ksn.at\/index.php?rest_route=\/wp\/v2\/pages\/4465\/revisions\/5102"}],"wp:attachment":[{"href":"https:\/\/vs-haimburg.ksn.at\/index.php?rest_route=%2Fwp%2Fv2%2Fmedia&parent=4465"}],"curies":[{"name":"wp","href":"https:\/\/api.w.org\/{rel}","templated":true}]}}