{"id":497,"date":"2012-02-05T16:38:40","date_gmt":"2012-02-05T15:38:40","guid":{"rendered":"http:\/\/www.vs-haimburg.ksn.at\/?page_id=497"},"modified":"2013-09-29T10:43:21","modified_gmt":"2013-09-29T08:43:21","slug":"uben-und-lernen-3","status":"publish","type":"page","link":"https:\/\/vs-haimburg.ksn.at\/?page_id=497","title":{"rendered":"\u00dcben und Lernen"},"content":{"rendered":"<table border=\"0\">\n<tbody>\n<tr>\n<td><a href=\"http:\/\/home.arcor.de\/barbara.schuster\/spiele\/malaufgaben\/anfang.htm\" target=\"_blank\">Malaufgabe<\/a><\/td>\n<td><a href=\"http:\/\/materials.lehrerweb.at\/materials\/gs\/deutsch\/lesen\/erstlesen\/webs\/richtiges_wort\/index.html\" target=\"_blank\">Lesespiel 1<\/a><\/td>\n<td><a href=\"http:\/\/www.sloviklik.at\/\" target=\"_blank\">Sloviklik<\/a><\/td>\n<\/tr>\n<tr>\n<td><a href=\"http:\/\/www.lehrerweb.at\/materials\/gs\/mathe\/mathe_aktiv\/1x1\/1x1\/index.htm\" target=\"_blank\">Malreihen<\/a><\/td>\n<td><a href=\"http:\/\/materials.lehrerweb.at\/materials\/gs\/deutsch\/lesen\/webs\/was_stimmt_nicht\/\" target=\"_blank\">Lesespiel 2<\/a><\/td>\n<td><a href=\"http:\/\/mala.sova.at\/\" target=\"_blank\">Mala sova<\/a><\/td>\n<\/tr>\n<tr>\n<td><a href=\"http:\/\/www.lehrerweb.at\/materials\/gs\/mathe\/mathe_aktiv\/insaetzchen\/index.htm\" target=\"_blank\">Inreihen<\/a><\/td>\n<td><a href=\"http:\/\/www.gsgki.sha.schule-bw.de\/lhblonline\/blitzlesen.htm\" target=\"_blank\">Blitzlesen<\/a><\/td>\n<td><\/td>\n<\/tr>\n<tr>\n<td><a href=\"http:\/\/www.wegerer.at\/malreihen\/\" target=\"_blank\">Mals\u00e4tzchen<\/a><\/td>\n<td><a href=\"http:\/\/materials.lehrerweb.at\/materials\/gs\/su\/tiere\/web\/leseraetsel_tiere\/\" target=\"_blank\">Tierr\u00e4tse<\/a>l<\/td>\n<td><a href=\"http:\/\/learnenglishkids.britishcouncil.org\/en\/\" target=\"_blank\">Learning English<\/a><\/td>\n<\/tr>\n<tr>\n<td><a href=\"http:\/\/www.wegerer.at\/insaetzchen\/index.html\" target=\"_blank\">Ins\u00e4tzchen<\/a><\/td>\n<td><a href=\"http:\/\/materials.lehrerweb.at\/materials\/gs\/deutsch\/lesen\/webs\/tiere_wasser\/index.html\" target=\"_blank\">Tiere am Wasser<\/a><\/td>\n<td><a href=\"http:\/\/www.anglomaniacy.pl\/\" target=\"_blank\">Play and Learn!<\/a><\/td>\n<\/tr>\n<tr>\n<td><a href=\"http:\/\/www.mathe-online.at\/materialien\/christian.nosko\/files\/boris\/zahlenmauern\/\" target=\"_blank\">Zahlenmauern<\/a><\/td>\n<td><a href=\"http:\/\/www.leseraupe.tsn.at\/\" target=\"_blank\">Leseraupe<\/a><\/td>\n<td><a href=\"http:\/\/materials.lehrerweb.at\/materials\/gs\/englisch\/web\/tiere\/tiere_e1.htm\" target=\"_blank\">Animals<\/a><\/td>\n<\/tr>\n<tr>\n<td><a href=\"http:\/\/www.rechenheft.com\/\" target=\"_blank\">Rechenheft<\/a><\/td>\n<td><a href=\"http:\/\/materials.lehrerweb.at\/materials\/gs\/deutsch\/aufsatz\/web\/drachengeschichte\/\" target=\"_blank\">Drachengeschichte<\/a><\/td>\n<td><a href=\"http:\/\/www.e-learningforkids.org\/index.html\" target=\"_blank\">e-learning for kids<\/a><\/td>\n<\/tr>\n<tr>\n<td><a>Rechenblatt<\/a><\/td>\n<td><a href=\"http:\/\/www.antonwelt.at\/geschichtenwerkstatt\/index.php\" target=\"_blank\">Schreib eine Anton-Geschichte!<\/a><\/td>\n<td><a href=\"http:\/\/www.maxclub.cc\/main.html\" target=\"_blank\">Maxclub<\/a><\/td>\n<\/tr>\n<tr>\n<td><a href=\"http:\/\/www.mathe-im-netz.de\/klasse-1\/aufgaben-klasse-1\/\" target=\"_blank\">Mathe &#8211; kreuz und quer<\/a><\/td>\n<td><a href=\"http:\/\/www.legasthenie-software.de\/game\/game.htm\" target=\"_blank\">Lese\u00fcbungen<\/a><\/td>\n<td><\/td>\n<\/tr>\n<tr>\n<td><a href=\"http:\/\/www.schuelerlexikon.de\/SID\/290f43c11ea869e12137008b6a6e9ef0\/index.php?id=9\" target=\"_blank\">K\u00e4nguru<\/a><\/td>\n<td><a href=\"http:\/\/www.reimix.de\/tipps\/kinder-onlinespiel\/\" target=\"_blank\">Reimix<\/a><\/td>\n<td><a title=\"Notenmax\" href=\"http:\/\/www.notenmax.de\/#\/home\" target=\"_blank\">Notenmax<\/a><\/td>\n<\/tr>\n<tr>\n<td><a href=\"http:\/\/www.rechenraetsel.de\/schule\/\" target=\"_blank\">Rechenr\u00e4tsel<\/a><\/td>\n<td><a href=\"http:\/\/www.lehrerservice.at\/spinter.html\" target=\"_blank\">Spatzenpost<\/a><\/td>\n<td><\/td>\n<\/tr>\n<tr>\n<td><\/td>\n<td><a href=\"http:\/\/www.lehrerservice.at\/kvinter.html\" target=\"_blank\">Kleines Volk<\/a><\/td>\n<td>\u00a0<a href=\"http:\/\/mauswiesel.bildung.hessen.de\/\" target=\"_blank\">Mauswiesel<\/a><\/td>\n<\/tr>\n<tr>\n<td><a href=\"http:\/\/www.grundschulstoff.de\/online-test\/kinder.html\" target=\"_blank\">Verschiedene Online-\u00dcbungen<\/a><\/td>\n<td><a href=\"http:\/\/www.orthografietrainer.de\/uebung\/uebungsauswahl.php\" target=\"_blank\">Rechtschreibtrainer<\/a><\/td>\n<td><\/td>\n<\/tr>\n<tr>\n<td><\/td>\n<td><a href=\"http:\/\/ohrenklick.at\/index.php\" target=\"_blank\">Ohrenklick<\/a><\/td>\n<td><a href=\"http:\/\/www.millimauzz.de\/\" target=\"_blank\">Seite f\u00fcr Vorsch\u00fcler <\/a><\/td>\n<\/tr>\n<tr>\n<td><a href=\"http:\/\/www.lingonetz.de\/Kinderstartseite\" target=\"_blank\">\u00a0Lingo &#8211; Fr\u00fches Deutsch<\/a><\/td>\n<td><a href=\"http:\/\/www.wdrmaus.de\/\" target=\"_blank\">Die Sendung mit der Maus<\/a><\/td>\n<td><\/td>\n<\/tr>\n<\/tbody>\n<\/table>\n","protected":false},"excerpt":{"rendered":"<p>Malaufgabe Lesespiel 1 Sloviklik Malreihen Lesespiel 2 Mala sova Inreihen Blitzlesen Mals\u00e4tzchen Tierr\u00e4tsel Learning English Ins\u00e4tzchen Tiere am Wasser Play and Learn! Zahlenmauern Leseraupe Animals Rechenheft Drachengeschichte e-learning for kids Rechenblatt Schreib eine Anton-Geschichte! Maxclub Mathe &#8211; kreuz und quer &hellip; <a href=\"https:\/\/vs-haimburg.ksn.at\/?page_id=497\">Weiterlesen <span class=\"meta-nav\">&rarr;<\/span><\/a><\/p>\n","protected":false},"author":1,"featured_media":0,"parent":71,"menu_order":0,"comment_status":"closed","ping_status":"closed","template":"sidebar-page.php","meta":[],"_links":{"self":[{"href":"https:\/\/vs-haimburg.ksn.at\/index.php?rest_route=\/wp\/v2\/pages\/497"}],"collection":[{"href":"https:\/\/vs-haimburg.ksn.at\/index.php?rest_route=\/wp\/v2\/pages"}],"about":[{"href":"https:\/\/vs-haimburg.ksn.at\/index.php?rest_route=\/wp\/v2\/types\/page"}],"author":[{"embeddable":true,"href":"https:\/\/vs-haimburg.ksn.at\/index.php?rest_route=\/wp\/v2\/users\/1"}],"replies":[{"embeddable":true,"href":"https:\/\/vs-haimburg.ksn.at\/index.php?rest_route=%2Fwp%2Fv2%2Fcomments&post=497"}],"version-history":[{"count":22,"href":"https:\/\/vs-haimburg.ksn.at\/index.php?rest_route=\/wp\/v2\/pages\/497\/revisions"}],"predecessor-version":[{"id":5060,"href":"https:\/\/vs-haimburg.ksn.at\/index.php?rest_route=\/wp\/v2\/pages\/497\/revisions\/5060"}],"up":[{"embeddable":true,"href":"https:\/\/vs-haimburg.ksn.at\/index.php?rest_route=\/wp\/v2\/pages\/71"}],"wp:attachment":[{"href":"https:\/\/vs-haimburg.ksn.at\/index.php?rest_route=%2Fwp%2Fv2%2Fmedia&parent=497"}],"curies":[{"name":"wp","href":"https:\/\/api.w.org\/{rel}","templated":true}]}}