{"id":62,"date":"2012-01-28T19:39:43","date_gmt":"2012-01-28T19:39:43","guid":{"rendered":"http:\/\/www.vs-haimburg.ksn.at\/?page_id=62"},"modified":"2022-11-30T08:57:41","modified_gmt":"2022-11-30T07:57:41","slug":"schule","status":"publish","type":"page","link":"https:\/\/vs-haimburg.ksn.at\/?page_id=62","title":{"rendered":"Schule"},"content":{"rendered":"<p><strong>Aus der Chronik<\/strong><br \/>\nDie \u00e4lteste Nachricht von einer Schule in Haimburg findet sich im sogenannten \u201eBuch der Ehre\u201c aus dem Jahr 1845. Aber erst im Jahr 1902 legte der damalige Oberlehrer Johann Dimnig eine Schulchronik an.<\/p>\n<p><strong>Unser Schulhaus<\/strong><br \/>\nIm Erdgescho\u00df befinden sich zwei Klassenr\u00e4ume. In einem davon findet die Nachmittagsbetreuung statt, und der andere wird im Religions-, Werk- und Zeichenunterricht genutzt. Au\u00dferdem machen die Sch\u00fcler und Sch\u00fclerinnen im Rahmen der Nachmittagsbetreuung hier auch ihre Hausaufgaben.<br \/>\nIm Obergescho\u00df gibt es drei Klassenr\u00e4ume, die Direktion, das Lehrerzimmer und einen Lehrmittelraum.<\/p>\n<p>Jede unserer Klassen ist mit einem PC ausgestattet. Speziell ausgew\u00e4hlte Lernprogramme unterst\u00fctzen den Unterricht und erm\u00f6glichen den Sch\u00fclern&nbsp; und Sch\u00fclerinnen das Lernen mit diesem Medium.<\/p>\n<p>Bei einem Blick aus dem Schulhaus sieht man auch unseren gro\u00dfen Schulgarten. Er ist eine tolle Erg\u00e4nzung zum Turnsaal und erm\u00f6glicht in warmen Jahreszeiten abwechslungsreichen Turnunterricht im Freien. Die erholsamen Pausen verbringen unsere Kinder unter Aufsicht im Garten. Hier k\u00f6nnen sie sich bei Spiel und Spa\u00df f\u00fcr den weiteren Unterricht st\u00e4rken. Unser Turnsaal wird nicht nur im Unterricht, sondern bei schlechtem Wetter auch f\u00fcr die Pause genutzt.<\/p>\n<p><img loading=\"lazy\" class=\"alignnone size-large wp-image-4591\" src=\"https:\/\/vs-haimburg.ksn.at\/wp-content\/uploads\/2022\/11\/Schulhaus-neu-1024x768.jpg\" alt=\"\" width=\"584\" height=\"438\" srcset=\"https:\/\/vs-haimburg.ksn.at\/wp-content\/uploads\/2022\/11\/Schulhaus-neu-1024x768.jpg 1024w, https:\/\/vs-haimburg.ksn.at\/wp-content\/uploads\/2022\/11\/Schulhaus-neu-300x225.jpg 300w, https:\/\/vs-haimburg.ksn.at\/wp-content\/uploads\/2022\/11\/Schulhaus-neu-768x576.jpg 768w, https:\/\/vs-haimburg.ksn.at\/wp-content\/uploads\/2022\/11\/Schulhaus-neu-1536x1152.jpg 1536w, https:\/\/vs-haimburg.ksn.at\/wp-content\/uploads\/2022\/11\/Schulhaus-neu-400x300.jpg 400w, https:\/\/vs-haimburg.ksn.at\/wp-content\/uploads\/2022\/11\/Schulhaus-neu.jpg 2000w\" sizes=\"(max-width: 584px) 100vw, 584px\" \/><\/p>\n","protected":false},"excerpt":{"rendered":"<p>Aus der Chronik Die \u00e4lteste Nachricht von einer Schule in Haimburg findet sich im sogenannten \u201eBuch der Ehre\u201c aus dem Jahr 1845. Aber erst im Jahr 1902 legte der damalige Oberlehrer Johann Dimnig eine Schulchronik an. Unser Schulhaus Im Erdgescho\u00df &hellip; <a href=\"https:\/\/vs-haimburg.ksn.at\/?page_id=62\">Weiterlesen <span class=\"meta-nav\">&rarr;<\/span><\/a><\/p>\n","protected":false},"author":1,"featured_media":0,"parent":0,"menu_order":0,"comment_status":"closed","ping_status":"closed","template":"sidebar-page.php","meta":[],"_links":{"self":[{"href":"https:\/\/vs-haimburg.ksn.at\/index.php?rest_route=\/wp\/v2\/pages\/62"}],"collection":[{"href":"https:\/\/vs-haimburg.ksn.at\/index.php?rest_route=\/wp\/v2\/pages"}],"about":[{"href":"https:\/\/vs-haimburg.ksn.at\/index.php?rest_route=\/wp\/v2\/types\/page"}],"author":[{"embeddable":true,"href":"https:\/\/vs-haimburg.ksn.at\/index.php?rest_route=\/wp\/v2\/users\/1"}],"replies":[{"embeddable":true,"href":"https:\/\/vs-haimburg.ksn.at\/index.php?rest_route=%2Fwp%2Fv2%2Fcomments&post=62"}],"version-history":[{"count":21,"href":"https:\/\/vs-haimburg.ksn.at\/index.php?rest_route=\/wp\/v2\/pages\/62\/revisions"}],"predecessor-version":[{"id":4592,"href":"https:\/\/vs-haimburg.ksn.at\/index.php?rest_route=\/wp\/v2\/pages\/62\/revisions\/4592"}],"wp:attachment":[{"href":"https:\/\/vs-haimburg.ksn.at\/index.php?rest_route=%2Fwp%2Fv2%2Fmedia&parent=62"}],"curies":[{"name":"wp","href":"https:\/\/api.w.org\/{rel}","templated":true}]}}