{"id":65,"date":"2012-01-28T19:41:16","date_gmt":"2012-01-28T19:41:16","guid":{"rendered":"http:\/\/www.vs-haimburg.ksn.at\/?page_id=65"},"modified":"2012-03-06T11:19:49","modified_gmt":"2012-03-06T10:19:49","slug":"schulgemeinschaft","status":"publish","type":"page","link":"https:\/\/vs-haimburg.ksn.at\/?page_id=65","title":{"rendered":"Schulgemeinschaft"},"content":{"rendered":"<p><em>\u201eMit einer Hand l\u00e4\u00dft sich kein Knoten kn\u00fcpfen.\u201c<\/em><\/p>\n<p>Das Miteinander von Lehrern, Sch\u00fclern und Eltern ist uns ein besonderes Anliegen.<br \/>\nWir wollen deshalb gemeinsaman an der pers\u00f6nlichen Entwicklung der Kinder arbeiten und<\/p>\n<ul>\n<li>in st\u00e4ndiger Kommunikation zwischen Eltern und LehrerInnen eine gemeinsame Auseinandersetzung \u00fcber Erziehung und Bildung sicherstellen<\/li>\n<li>ein Gespr\u00e4chsklima schaffen, in welchem jeder Partner seine Sicht und seine Vorstellungen offen einbringen kann<\/li>\n<li>die Voraussetzungen schaffen, dass Kinder in der Schulpartnerschaft eine demokratische Gemeinschaft gleichwertiger Menschen erleben.<\/li>\n<\/ul>\n<p>Denn:<br \/>\n<em>\u201eMit einer Hand l\u00e4\u00dft sich kein Knoten kn\u00fcpfen.\u201c<\/em><\/p>\n","protected":false},"excerpt":{"rendered":"<p>\u201eMit einer Hand l\u00e4\u00dft sich kein Knoten kn\u00fcpfen.\u201c Das Miteinander von Lehrern, Sch\u00fclern und Eltern ist uns ein besonderes Anliegen. Wir wollen deshalb gemeinsaman an der pers\u00f6nlichen Entwicklung der Kinder arbeiten und in st\u00e4ndiger Kommunikation zwischen Eltern und LehrerInnen eine &hellip; <a href=\"https:\/\/vs-haimburg.ksn.at\/?page_id=65\">Weiterlesen <span class=\"meta-nav\">&rarr;<\/span><\/a><\/p>\n","protected":false},"author":1,"featured_media":0,"parent":0,"menu_order":0,"comment_status":"closed","ping_status":"closed","template":"sidebar-page.php","meta":[],"_links":{"self":[{"href":"https:\/\/vs-haimburg.ksn.at\/index.php?rest_route=\/wp\/v2\/pages\/65"}],"collection":[{"href":"https:\/\/vs-haimburg.ksn.at\/index.php?rest_route=\/wp\/v2\/pages"}],"about":[{"href":"https:\/\/vs-haimburg.ksn.at\/index.php?rest_route=\/wp\/v2\/types\/page"}],"author":[{"embeddable":true,"href":"https:\/\/vs-haimburg.ksn.at\/index.php?rest_route=\/wp\/v2\/users\/1"}],"replies":[{"embeddable":true,"href":"https:\/\/vs-haimburg.ksn.at\/index.php?rest_route=%2Fwp%2Fv2%2Fcomments&post=65"}],"version-history":[{"count":18,"href":"https:\/\/vs-haimburg.ksn.at\/index.php?rest_route=\/wp\/v2\/pages\/65\/revisions"}],"predecessor-version":[{"id":1339,"href":"https:\/\/vs-haimburg.ksn.at\/index.php?rest_route=\/wp\/v2\/pages\/65\/revisions\/1339"}],"wp:attachment":[{"href":"https:\/\/vs-haimburg.ksn.at\/index.php?rest_route=%2Fwp%2Fv2%2Fmedia&parent=65"}],"curies":[{"name":"wp","href":"https:\/\/api.w.org\/{rel}","templated":true}]}}