{"id":671,"date":"2012-02-09T18:35:45","date_gmt":"2012-02-09T17:35:45","guid":{"rendered":"http:\/\/www.vs-haimburg.ksn.at\/?page_id=671"},"modified":"2024-09-17T20:40:16","modified_gmt":"2024-09-17T18:40:16","slug":"tagesablauf","status":"publish","type":"page","link":"https:\/\/vs-haimburg.ksn.at\/?page_id=671","title":{"rendered":"Tagesablauf"},"content":{"rendered":"<p>Der Tagesablauf in der Einrichtung beginnt mit dem Eintreffen der ersten Kinder nach Unterrichtsende. Bis ca. 13.00 Uhr haben die Kinder w\u00e4hrend der Freispielzeit die M\u00f6glichkeit, sich entweder vom Schulalltag auszuruhen, diversen Spielen nachzugehen oder auch zu basteln. Danach treffen sich alle Kinder und die P\u00e4dagoginnen zum Sesselkreis, dabei wird Allf\u00e4lliges besprochen, es werden gemeinsam Spiele gespielt oder aber auch Stille\u00fcbungen gemacht und Konzentrationsaufgaben gel\u00f6st.<\/p>\n<p>Nach dem Sesselkreis wird zusammen zu Mittag gegessen. Die Einrichtung wird von der betriebsinternen K\u00fcche \u201eTriangel\u201c beliefert. In der Zentralk\u00fcche wird ausschlie\u00dflich gesundes, hochwertiges und bedarfsgerechtes Essen f\u00fcr Kinder gekocht. Das \u201cTriangel\u201d verwendet f\u00fcr die Zubereitung der Kindermahlzeiten frisches Bio-Obst und Bio-Gem\u00fcse und verzichtet v\u00f6llig auf die Verwendung von Convenience-Produkten.<\/p>\n<p>Von Montag bis Donnerstag gibt es f\u00fcr die Kinder eine Lernbetreuung, die von den Lehrern der Volksschule \u00fcbernommen wird.<\/p>\n<p>Nach der Lernbetreuung findet die Freispielzeit entweder im Turnsaal oder auf dem gro\u00dfen Sportplatz der VS Haimburg statt, wo die Kinder gen\u00fcgend Platz haben, um sich k\u00f6rperlich zu bet\u00e4tigen. Hier wird Fu\u00dfball oder Mordball gespielt, in der Sandkiste werden Burgen gebaut oder es wird Tischtennis oder Federball gespielt. Im <a title=\"Winter\" href=\"http:\/\/www.vs-haimburg.ksn.at\/?page_id=1937\">Winter<\/a> geht\u2019s zum nahe gelegenen Eislaufplatz oder zum Rodeln, im Sommer auch zum Schwimmen.<\/p>\n<p>Dann folgt die Nachmittagsjause. Die Kinder werden angeleitet, ihr Essen selbst herzurichten, die Brote zu streichen und das Obst aufzuschneiden.<\/p>\n<p>Die Sch\u00fclernachmittagsbetreuung \u201eLustig &amp; Schlau\u201c schlie\u00dft um 17.00 Uhr.<\/p>\n","protected":false},"excerpt":{"rendered":"<p>Der Tagesablauf in der Einrichtung beginnt mit dem Eintreffen der ersten Kinder nach Unterrichtsende. Bis ca. 13.00 Uhr haben die Kinder w\u00e4hrend der Freispielzeit die M\u00f6glichkeit, sich entweder vom Schulalltag auszuruhen, diversen Spielen nachzugehen oder auch zu basteln. Danach treffen &hellip; <a href=\"https:\/\/vs-haimburg.ksn.at\/?page_id=671\">Weiterlesen <span class=\"meta-nav\">&rarr;<\/span><\/a><\/p>\n","protected":false},"author":1,"featured_media":0,"parent":0,"menu_order":0,"comment_status":"closed","ping_status":"closed","template":"sidebar-page.php","meta":[],"_links":{"self":[{"href":"https:\/\/vs-haimburg.ksn.at\/index.php?rest_route=\/wp\/v2\/pages\/671"}],"collection":[{"href":"https:\/\/vs-haimburg.ksn.at\/index.php?rest_route=\/wp\/v2\/pages"}],"about":[{"href":"https:\/\/vs-haimburg.ksn.at\/index.php?rest_route=\/wp\/v2\/types\/page"}],"author":[{"embeddable":true,"href":"https:\/\/vs-haimburg.ksn.at\/index.php?rest_route=\/wp\/v2\/users\/1"}],"replies":[{"embeddable":true,"href":"https:\/\/vs-haimburg.ksn.at\/index.php?rest_route=%2Fwp%2Fv2%2Fcomments&post=671"}],"version-history":[{"count":24,"href":"https:\/\/vs-haimburg.ksn.at\/index.php?rest_route=\/wp\/v2\/pages\/671\/revisions"}],"predecessor-version":[{"id":4957,"href":"https:\/\/vs-haimburg.ksn.at\/index.php?rest_route=\/wp\/v2\/pages\/671\/revisions\/4957"}],"wp:attachment":[{"href":"https:\/\/vs-haimburg.ksn.at\/index.php?rest_route=%2Fwp%2Fv2%2Fmedia&parent=671"}],"curies":[{"name":"wp","href":"https:\/\/api.w.org\/{rel}","templated":true}]}}