{"id":68,"date":"2012-01-28T19:41:42","date_gmt":"2012-01-28T19:41:42","guid":{"rendered":"http:\/\/www.vs-haimburg.ksn.at\/?page_id=68"},"modified":"2025-11-04T11:08:48","modified_gmt":"2025-11-04T10:08:48","slug":"klassen","status":"publish","type":"page","link":"https:\/\/vs-haimburg.ksn.at\/?page_id=68","title":{"rendered":"Klassen"},"content":{"rendered":"<p>Offene Unterrichtsformen, soziales Lernen und ein engagiertes, pflichtbewusstes Lehrerteam verbreiten Wohlf\u00fchlatmosph\u00e4re, in der sowohl Lehrer als auch Kinder mit Freude dem Schulalltag begegnen. Das sorgt f\u00fcr Qualit\u00e4t und gro\u00dfe Akzeptanz unserer Schule.<\/p>\n<p>Im Schuljahr 2025\/26 besuchen 29 Kinder unsere Schule.<br \/>\n<strong>1. KLASSE: <\/strong>4 Sch\u00fclerinnen und 9 Sch\u00fcler<br \/>\n<strong>1. Schulstufe<\/strong>: 1 Knabe, 4 M\u00e4dchen<br \/>\n<strong>2. Schulstufe<\/strong>: 8 Knaben<br \/>\nSechs Sch\u00fclerinnen und Sch\u00fcler sind zum zweisprachigen Unterricht angemeldet.<\/p>\n<p><strong>2. KLASSE:<\/strong> 9 Sch\u00fclerinnen und 7 Sch\u00fcler<br \/>\n<strong>3. Schulstufe<\/strong>: 3 M\u00e4dchen und 2 Knaben<br \/>\n<strong>4. Schulstufe:<\/strong> 6 M\u00e4dchen und 5 Knaben<br \/>\n4 Sch\u00fclerinnen und Sch\u00fcler sind zum zweisprachigen Unterricht angemeldet.<\/p>\n","protected":false},"excerpt":{"rendered":"<p>Offene Unterrichtsformen, soziales Lernen und ein engagiertes, pflichtbewusstes Lehrerteam verbreiten Wohlf\u00fchlatmosph\u00e4re, in der sowohl Lehrer als auch Kinder mit Freude dem Schulalltag begegnen. Das sorgt f\u00fcr Qualit\u00e4t und gro\u00dfe Akzeptanz unserer Schule. Im Schuljahr 2025\/26 besuchen 29 Kinder unsere Schule. &hellip; <a href=\"https:\/\/vs-haimburg.ksn.at\/?page_id=68\">Weiterlesen <span class=\"meta-nav\">&rarr;<\/span><\/a><\/p>\n","protected":false},"author":1000,"featured_media":0,"parent":0,"menu_order":0,"comment_status":"closed","ping_status":"closed","template":"sidebar-page.php","meta":[],"_links":{"self":[{"href":"https:\/\/vs-haimburg.ksn.at\/index.php?rest_route=\/wp\/v2\/pages\/68"}],"collection":[{"href":"https:\/\/vs-haimburg.ksn.at\/index.php?rest_route=\/wp\/v2\/pages"}],"about":[{"href":"https:\/\/vs-haimburg.ksn.at\/index.php?rest_route=\/wp\/v2\/types\/page"}],"author":[{"embeddable":true,"href":"https:\/\/vs-haimburg.ksn.at\/index.php?rest_route=\/wp\/v2\/users\/1000"}],"replies":[{"embeddable":true,"href":"https:\/\/vs-haimburg.ksn.at\/index.php?rest_route=%2Fwp%2Fv2%2Fcomments&post=68"}],"version-history":[{"count":61,"href":"https:\/\/vs-haimburg.ksn.at\/index.php?rest_route=\/wp\/v2\/pages\/68\/revisions"}],"predecessor-version":[{"id":5160,"href":"https:\/\/vs-haimburg.ksn.at\/index.php?rest_route=\/wp\/v2\/pages\/68\/revisions\/5160"}],"wp:attachment":[{"href":"https:\/\/vs-haimburg.ksn.at\/index.php?rest_route=%2Fwp%2Fv2%2Fmedia&parent=68"}],"curies":[{"name":"wp","href":"https:\/\/api.w.org\/{rel}","templated":true}]}}