{"id":71,"date":"2012-01-28T19:45:21","date_gmt":"2012-01-28T19:45:21","guid":{"rendered":"http:\/\/www.vs-haimburg.ksn.at\/?page_id=71"},"modified":"2024-09-17T11:49:45","modified_gmt":"2024-09-17T09:49:45","slug":"suchen-uben-lernen","status":"publish","type":"page","link":"https:\/\/vs-haimburg.ksn.at\/?page_id=71","title":{"rendered":"F\u00fcr Sch\u00fclerinnen und Sch\u00fcler"},"content":{"rendered":"<p>Auf den Link-Seiten gibt es viele Internet-Adressen, an denen du Interessantes und Wissenswertes finden kannst. Vielleicht m\u00f6chtest du auch ein bisschen zus\u00e4tzlich \u00fcben und lernen.<br \/>\nWenn du Zeit hast, schau einfach vorbei!<\/p>\n<p><a title=\"Suchen\" href=\"http:\/\/www.vs-haimburg.ksn.at\/?page_id=216\">SUCHEN<\/a><\/p>\n<p><a title=\"\u00dcben und Lernen\" href=\"http:\/\/www.vs-haimburg.ksn.at\/?page_id=497\">\u00dcBEN UND LERNEN<\/a><\/p>\n<p>&nbsp;<\/p>\n","protected":false},"excerpt":{"rendered":"<p>Auf den Link-Seiten gibt es viele Internet-Adressen, an denen du Interessantes und Wissenswertes finden kannst. Vielleicht m\u00f6chtest du auch ein bisschen zus\u00e4tzlich \u00fcben und lernen. Wenn du Zeit hast, schau einfach vorbei! SUCHEN \u00dcBEN UND LERNEN &nbsp;<\/p>\n","protected":false},"author":1000,"featured_media":0,"parent":0,"menu_order":0,"comment_status":"closed","ping_status":"closed","template":"sidebar-page.php","meta":[],"_links":{"self":[{"href":"https:\/\/vs-haimburg.ksn.at\/index.php?rest_route=\/wp\/v2\/pages\/71"}],"collection":[{"href":"https:\/\/vs-haimburg.ksn.at\/index.php?rest_route=\/wp\/v2\/pages"}],"about":[{"href":"https:\/\/vs-haimburg.ksn.at\/index.php?rest_route=\/wp\/v2\/types\/page"}],"author":[{"embeddable":true,"href":"https:\/\/vs-haimburg.ksn.at\/index.php?rest_route=\/wp\/v2\/users\/1000"}],"replies":[{"embeddable":true,"href":"https:\/\/vs-haimburg.ksn.at\/index.php?rest_route=%2Fwp%2Fv2%2Fcomments&post=71"}],"version-history":[{"count":60,"href":"https:\/\/vs-haimburg.ksn.at\/index.php?rest_route=\/wp\/v2\/pages\/71\/revisions"}],"predecessor-version":[{"id":4947,"href":"https:\/\/vs-haimburg.ksn.at\/index.php?rest_route=\/wp\/v2\/pages\/71\/revisions\/4947"}],"wp:attachment":[{"href":"https:\/\/vs-haimburg.ksn.at\/index.php?rest_route=%2Fwp%2Fv2%2Fmedia&parent=71"}],"curies":[{"name":"wp","href":"https:\/\/api.w.org\/{rel}","templated":true}]}}