{"id":87,"date":"2012-01-29T10:11:54","date_gmt":"2012-01-29T10:11:54","guid":{"rendered":"http:\/\/www.vs-haimburg.ksn.at\/?page_id=87"},"modified":"2025-09-24T19:30:09","modified_gmt":"2025-09-24T17:30:09","slug":"nachmittagsbetreuung","status":"publish","type":"page","link":"https:\/\/vs-haimburg.ksn.at\/?page_id=87","title":{"rendered":"Nachmittagsbetreuung"},"content":{"rendered":"<p><strong>Hier sind wir &#8211; im Schuljahr 2025\/26<\/strong><\/p>\n<p><img loading=\"lazy\" class=\"aligncenter wp-image-5134 size-full\" src=\"https:\/\/vs-haimburg.ksn.at\/wp-content\/uploads\/2025\/09\/Nachmittagsbetreuung-2-e1758732838511.jpg\" alt=\"\" width=\"800\" height=\"750\" srcset=\"https:\/\/vs-haimburg.ksn.at\/wp-content\/uploads\/2025\/09\/Nachmittagsbetreuung-2-e1758732838511.jpg 800w, https:\/\/vs-haimburg.ksn.at\/wp-content\/uploads\/2025\/09\/Nachmittagsbetreuung-2-e1758732838511-300x281.jpg 300w, https:\/\/vs-haimburg.ksn.at\/wp-content\/uploads\/2025\/09\/Nachmittagsbetreuung-2-e1758732838511-768x720.jpg 768w, https:\/\/vs-haimburg.ksn.at\/wp-content\/uploads\/2025\/09\/Nachmittagsbetreuung-2-e1758732838511-320x300.jpg 320w\" sizes=\"(max-width: 800px) 100vw, 800px\" \/><img loading=\"lazy\" class=\"alignnone wp-image-5132 size-full\" src=\"https:\/\/vs-haimburg.ksn.at\/wp-content\/uploads\/2025\/09\/Nachmittagsbetreuung-1-e1758733063173.jpg\" alt=\"\" width=\"799\" height=\"831\" srcset=\"https:\/\/vs-haimburg.ksn.at\/wp-content\/uploads\/2025\/09\/Nachmittagsbetreuung-1-e1758733063173.jpg 799w, https:\/\/vs-haimburg.ksn.at\/wp-content\/uploads\/2025\/09\/Nachmittagsbetreuung-1-e1758733063173-288x300.jpg 288w, https:\/\/vs-haimburg.ksn.at\/wp-content\/uploads\/2025\/09\/Nachmittagsbetreuung-1-e1758733063173-768x799.jpg 768w\" sizes=\"(max-width: 799px) 100vw, 799px\" \/><\/p>\n<p><img loading=\"lazy\" class=\"alignnone size-full wp-image-5139\" src=\"https:\/\/vs-haimburg.ksn.at\/wp-content\/uploads\/2025\/09\/Nachmittagsbetreuung-3-e1758733251576.jpg\" alt=\"\" width=\"800\" height=\"805\" \/><\/p>\n<p>Tr\u00e4ger der Sch\u00fclernachmittagsbetreuung \u201eLustig &amp; Schlau\u201c ist die gemeinn\u00fctzige Organisation \u201eKindernest\u201c GmbH. Sie betreibt in zahlreichen K\u00e4rntner Gemeinden Sch\u00fclernachmittagsbetreuungen, Kinderhorte, Kinderg\u00e4rten und Kindertagesst\u00e4tten.<\/p>\n<p>An der VS Haimburg werden seit September 2007 im Schnitt 20 Schulkinder betreut.<br \/>\nGeleitet wird die Nachmittagsbetreuung von <strong>Yvonne RIEPL<\/strong>.<\/p>\n<p>An schulfreien Tagen und in den Ferien bleibt die Betreuung geschlossen. In dieser Zeit besteht die M\u00f6glichkeit, die Kinder in einem Kinderhort der \u201eKindernest\u201c gem. GmbH betreuen zu lassen.<\/p>\n<p><strong><span style=\"font-size: 14pt;\">MEHR <\/span><\/strong><span style=\"font-size: 14pt;\">unter<\/span><strong><span style=\"font-size: 14pt;\"><a href=\"https:\/\/vs-haimburg.ksn.at\/wp-content\/uploads\/2025\/09\/GTS-Informationen-002.pdf\" data-wplink-edit=\"true\"> GTS-Informationen!<\/a><\/span><\/strong><br \/>\n<a href=\"http:\/\/www.kindernest.or.at\/\">www.kindernest.or.at<\/a><\/p>\n","protected":false},"excerpt":{"rendered":"<p>Hier sind wir &#8211; im Schuljahr 2025\/26 Tr\u00e4ger der Sch\u00fclernachmittagsbetreuung \u201eLustig &amp; Schlau\u201c ist die gemeinn\u00fctzige Organisation \u201eKindernest\u201c GmbH. Sie betreibt in zahlreichen K\u00e4rntner Gemeinden Sch\u00fclernachmittagsbetreuungen, Kinderhorte, Kinderg\u00e4rten und Kindertagesst\u00e4tten. An der VS Haimburg werden seit September 2007 im Schnitt &hellip; <a href=\"https:\/\/vs-haimburg.ksn.at\/?page_id=87\">Weiterlesen <span class=\"meta-nav\">&rarr;<\/span><\/a><\/p>\n","protected":false},"author":1000,"featured_media":0,"parent":0,"menu_order":0,"comment_status":"closed","ping_status":"closed","template":"sidebar-page.php","meta":[],"_links":{"self":[{"href":"https:\/\/vs-haimburg.ksn.at\/index.php?rest_route=\/wp\/v2\/pages\/87"}],"collection":[{"href":"https:\/\/vs-haimburg.ksn.at\/index.php?rest_route=\/wp\/v2\/pages"}],"about":[{"href":"https:\/\/vs-haimburg.ksn.at\/index.php?rest_route=\/wp\/v2\/types\/page"}],"author":[{"embeddable":true,"href":"https:\/\/vs-haimburg.ksn.at\/index.php?rest_route=\/wp\/v2\/users\/1000"}],"replies":[{"embeddable":true,"href":"https:\/\/vs-haimburg.ksn.at\/index.php?rest_route=%2Fwp%2Fv2%2Fcomments&post=87"}],"version-history":[{"count":65,"href":"https:\/\/vs-haimburg.ksn.at\/index.php?rest_route=\/wp\/v2\/pages\/87\/revisions"}],"predecessor-version":[{"id":5152,"href":"https:\/\/vs-haimburg.ksn.at\/index.php?rest_route=\/wp\/v2\/pages\/87\/revisions\/5152"}],"wp:attachment":[{"href":"https:\/\/vs-haimburg.ksn.at\/index.php?rest_route=%2Fwp%2Fv2%2Fmedia&parent=87"}],"curies":[{"name":"wp","href":"https:\/\/api.w.org\/{rel}","templated":true}]}}