{"id":90,"date":"2012-01-29T10:12:35","date_gmt":"2012-01-29T10:12:35","guid":{"rendered":"http:\/\/www.vs-haimburg.ksn.at\/?page_id=90"},"modified":"2025-11-03T09:42:19","modified_gmt":"2025-11-03T08:42:19","slug":"elternverein","status":"publish","type":"page","link":"https:\/\/vs-haimburg.ksn.at\/?page_id=90","title":{"rendered":"Elternverein"},"content":{"rendered":"<p style=\"text-align: left;\">Die Eltern der Sch\u00fclerInnen der VS Haimburg betreiben seit Jahrzehnten den Elternverein mit Engagement und Flei\u00df. Bei Veranstaltungen, wie beispielsweise dem Basar, dem Weihnachtsmarkt oder dergleichen, werden durch den Verkauf von selbst gebastelten Gegenst\u00e4nden und selbst gebackenen Kuchen und Keksen Geldbetr\u00e4ge erwirtschaftet und Spenden organisiert.<\/p>\n<p style=\"text-align: left;\">Diese finanziellen Mittel kommen den Kindern wiederum bei Schulausfl\u00fcgen wie Schitagen, Schwimm- oder Wandertagen usw. zugute. Hierzu sollte erw\u00e4hnt werden, dass den Kindern der dritten und vierten Schulstufe im Fr\u00fchling 2009 mit Hilfe des Elternvereines und vielen Spenden eine dreit\u00e4gige Reise zu \u201eEins, Zwei oder Drei\u201c nach M\u00fcnchen finanziert werden konnte. Zus\u00e4tzlich wird jedes Jahr die Nikoloaktion der<br \/>\nVS Haimburg unterst\u00fctzt.<\/p>\n<p>Frau <strong>Elisabeth Gril<\/strong> steht dem Elternverein als Obfrau vor. Frau <strong>Jasmin Baumann <\/strong>fungiert als Obfrau-Stellvertreterin. Das Amt der Schriftf\u00fchrerin hat Frau <strong>Simone Martinschitz <\/strong>inne<strong>.<\/strong> Die finanziellen Angelegenheiten des Elternvereines werden von Herrn <strong>Dieter Kohl<\/strong> erledigt.<\/p>\n","protected":false},"excerpt":{"rendered":"<p>Die Eltern der Sch\u00fclerInnen der VS Haimburg betreiben seit Jahrzehnten den Elternverein mit Engagement und Flei\u00df. Bei Veranstaltungen, wie beispielsweise dem Basar, dem Weihnachtsmarkt oder dergleichen, werden durch den Verkauf von selbst gebastelten Gegenst\u00e4nden und selbst gebackenen Kuchen und Keksen &hellip; <a href=\"https:\/\/vs-haimburg.ksn.at\/?page_id=90\">Weiterlesen <span class=\"meta-nav\">&rarr;<\/span><\/a><\/p>\n","protected":false},"author":1000,"featured_media":0,"parent":65,"menu_order":0,"comment_status":"closed","ping_status":"closed","template":"sidebar-page.php","meta":[],"_links":{"self":[{"href":"https:\/\/vs-haimburg.ksn.at\/index.php?rest_route=\/wp\/v2\/pages\/90"}],"collection":[{"href":"https:\/\/vs-haimburg.ksn.at\/index.php?rest_route=\/wp\/v2\/pages"}],"about":[{"href":"https:\/\/vs-haimburg.ksn.at\/index.php?rest_route=\/wp\/v2\/types\/page"}],"author":[{"embeddable":true,"href":"https:\/\/vs-haimburg.ksn.at\/index.php?rest_route=\/wp\/v2\/users\/1000"}],"replies":[{"embeddable":true,"href":"https:\/\/vs-haimburg.ksn.at\/index.php?rest_route=%2Fwp%2Fv2%2Fcomments&post=90"}],"version-history":[{"count":25,"href":"https:\/\/vs-haimburg.ksn.at\/index.php?rest_route=\/wp\/v2\/pages\/90\/revisions"}],"predecessor-version":[{"id":5158,"href":"https:\/\/vs-haimburg.ksn.at\/index.php?rest_route=\/wp\/v2\/pages\/90\/revisions\/5158"}],"up":[{"embeddable":true,"href":"https:\/\/vs-haimburg.ksn.at\/index.php?rest_route=\/wp\/v2\/pages\/65"}],"wp:attachment":[{"href":"https:\/\/vs-haimburg.ksn.at\/index.php?rest_route=%2Fwp%2Fv2%2Fmedia&parent=90"}],"curies":[{"name":"wp","href":"https:\/\/api.w.org\/{rel}","templated":true}]}}